{"id":334,"date":"2025-10-14T10:12:27","date_gmt":"2025-10-14T10:12:27","guid":{"rendered":"https:\/\/best-in-brokers.com\/?page_id=334"},"modified":"2025-12-12T11:52:12","modified_gmt":"2025-12-12T10:52:12","slug":"pensiones-y-jubilacion","status":"publish","type":"page","link":"https:\/\/best-in-brokers.com\/es\/pensiones-y-jubilacion\/","title":{"rendered":"Pensiones y jubilaci\u00f3n"},"content":{"rendered":"\t\t<div data-elementor-type=\"wp-page\" data-elementor-id=\"334\" class=\"elementor elementor-334\" data-elementor-post-type=\"page\">\n\t\t\t\t\t\t<section class=\"elementor-section elementor-top-section elementor-element elementor-element-7ebc122 elementor-section-stretched elementor-section-full_width elementor-section-height-min-height elementor-section-height-default elementor-section-items-middle\" data-id=\"7ebc122\" data-element_type=\"section\" data-settings=\"{&quot;stretch_section&quot;:&quot;section-stretched&quot;,&quot;background_background&quot;:&quot;classic&quot;,&quot;_ha_eqh_enable&quot;:false}\">\n\t\t\t\t\t\t\t<div class=\"elementor-background-overlay\"><\/div>\n\t\t\t\t\t\t\t<div class=\"elementor-container elementor-column-gap-narrow\">\n\t\t\t\t\t<div class=\"elementor-column elementor-col-100 elementor-top-column elementor-element elementor-element-7e04041\" data-id=\"7e04041\" data-element_type=\"column\">\n\t\t\t<div class=\"elementor-widget-wrap elementor-element-populated\">\n\t\t\t\t\t\t<div class=\"elementor-element elementor-element-90c5652 elementor-widget elementor-widget-spacer\" data-id=\"90c5652\" data-element_type=\"widget\" data-widget_type=\"spacer.default\">\n\t\t\t\t\t\t\t<div class=\"elementor-spacer\">\n\t\t\t<div class=\"elementor-spacer-inner\"><\/div>\n\t\t<\/div>\n\t\t\t\t\t\t<\/div>\n\t\t\t\t<div class=\"elementor-element elementor-element-6774bd1 elementor-widget__width-initial elementor-widget-tablet__width-initial elementor-invisible elementor-widget elementor-widget-heading\" data-id=\"6774bd1\" data-element_type=\"widget\" data-settings=\"{&quot;_animation&quot;:&quot;slideInUp&quot;,&quot;_animation_delay&quot;:1000}\" data-widget_type=\"heading.default\">\n\t\t\t\t\t<h2 class=\"elementor-heading-title elementor-size-default\">Planes de pensiones y jubilaci\u00f3n<\/h2>\t\t\t\t<\/div>\n\t\t\t\t<div class=\"elementor-element elementor-element-919c10c elementor-widget__width-initial elementor-widget-tablet__width-initial elementor-widget-mobile__width-inherit elementor-invisible elementor-widget elementor-widget-text-editor\" data-id=\"919c10c\" data-element_type=\"widget\" data-settings=\"{&quot;_animation&quot;:&quot;fadeInUp&quot;,&quot;_animation_delay&quot;:1500}\" data-widget_type=\"text-editor.default\">\n\t\t\t\t\t\t\t\t\t<p>Para que solo te preocupes de lo que de verdad importa, nosotros nos ocupamos del resto.<\/p>\t\t\t\t\t\t\t\t<\/div>\n\t\t\t\t\t<\/div>\n\t\t<\/div>\n\t\t\t\t\t<\/div>\n\t\t<\/section>\n\t\t<div class=\"elementor-element elementor-element-20f680b e-flex e-con-boxed e-con e-parent\" data-id=\"20f680b\" data-element_type=\"container\" data-settings=\"{&quot;_ha_eqh_enable&quot;:false}\">\n\t\t\t\t\t<div class=\"e-con-inner\">\n\t\t\t\t<div class=\"elementor-element elementor-element-d167e49 elementor-widget elementor-widget-heading\" data-id=\"d167e49\" data-element_type=\"widget\" data-widget_type=\"heading.default\">\n\t\t\t\t\t<h2 class=\"elementor-heading-title elementor-size-default\">El futuro se planifica hoy<\/h2>\t\t\t\t<\/div>\n\t\t\t\t<div class=\"elementor-element elementor-element-1e2f89d elementor-widget-divider--view-line elementor-invisible elementor-widget elementor-widget-divider\" data-id=\"1e2f89d\" data-element_type=\"widget\" data-settings=\"{&quot;_animation&quot;:&quot;fadeInLeft&quot;,&quot;_animation_delay&quot;:1200}\" data-widget_type=\"divider.default\">\n\t\t\t\t\t\t\t<div class=\"elementor-divider\">\n\t\t\t<span class=\"elementor-divider-separator\">\n\t\t\t\t\t\t<\/span>\n\t\t<\/div>\n\t\t\t\t\t\t<\/div>\n\t\t\t\t<div class=\"elementor-element elementor-element-4ede8d0 elementor-widget elementor-widget-text-editor\" data-id=\"4ede8d0\" data-element_type=\"widget\" data-widget_type=\"text-editor.default\">\n\t\t\t\t\t\t\t\t\t<p data-start=\"818\" data-end=\"1070\">La jubilaci\u00f3n no es un gasto, es una inversi\u00f3n en tu bienestar y en el de tu familia.<br data-start=\"903\" data-end=\"906\" \/>Con un <strong data-start=\"913\" data-end=\"962\">plan de pensiones o ahorro para la jubilaci\u00f3n<\/strong>, puedes garantizarte ingresos estables y mantener tu calidad de vida cuando llegue el momento de retirarte.<\/p><p data-start=\"1072\" data-end=\"1254\">En <strong data-start=\"1075\" data-end=\"1094\">Best In Brokers<\/strong> te guiamos paso a paso, comparando entre las principales entidades y productos del mercado, para ofrecerte <strong data-start=\"1202\" data-end=\"1253\">la opci\u00f3n m\u00e1s rentable y segura seg\u00fan tu perfil<\/strong>.<\/p>\t\t\t\t\t\t\t\t<\/div>\n\t\t\t\t\t<\/div>\n\t\t\t\t<\/div>\n\t\t<div class=\"elementor-element elementor-element-57ebaeb e-flex e-con-boxed e-con e-parent\" data-id=\"57ebaeb\" data-element_type=\"container\" data-settings=\"{&quot;_ha_eqh_enable&quot;:false}\">\n\t\t\t\t\t<div class=\"e-con-inner\">\n\t\t\t\t<div class=\"elementor-element elementor-element-7da23ed elementor-widget elementor-widget-heading\" data-id=\"7da23ed\" data-element_type=\"widget\" data-widget_type=\"heading.default\">\n\t\t\t\t\t<h2 class=\"elementor-heading-title elementor-size-default\">VENTAJAS DE BEST IN BROKERS<\/h2>\t\t\t\t<\/div>\n\t\t<div class=\"elementor-element elementor-element-626c6a9 e-con-full e-grid e-con e-child\" data-id=\"626c6a9\" data-element_type=\"container\" data-settings=\"{&quot;_ha_eqh_enable&quot;:false}\">\n\t\t\t\t<div class=\"elementor-element elementor-element-33ad4e5 elementor-view-default elementor-position-top elementor-mobile-position-top ha-has-bg-overlay elementor-widget elementor-widget-icon-box\" data-id=\"33ad4e5\" data-element_type=\"widget\" data-widget_type=\"icon-box.default\">\n\t\t\t\t\t\t\t<div class=\"elementor-icon-box-wrapper\">\n\n\t\t\t\t\t\t<div class=\"elementor-icon-box-icon\">\n\t\t\t\t<span  class=\"elementor-icon\">\n\t\t\t\t<i aria-hidden=\"true\" class=\"icon icon-medal1\"><\/i>\t\t\t\t<\/span>\n\t\t\t<\/div>\n\t\t\t\n\t\t\t\t\t\t<div class=\"elementor-icon-box-content\">\n\n\t\t\t\t\t\t\t\t\t<h3 class=\"elementor-icon-box-title\">\n\t\t\t\t\t\t<span  >\n\t\t\t\t\t\t\tComparamos entre las principales gestoras del mercado\t\t\t\t\t\t<\/span>\n\t\t\t\t\t<\/h3>\n\t\t\t\t\n\t\t\t\t\n\t\t\t<\/div>\n\t\t\t\n\t\t<\/div>\n\t\t\t\t\t\t<\/div>\n\t\t\t\t<div class=\"elementor-element elementor-element-28b4d6f elementor-view-default elementor-position-top elementor-mobile-position-top ha-has-bg-overlay elementor-widget elementor-widget-icon-box\" data-id=\"28b4d6f\" data-element_type=\"widget\" data-widget_type=\"icon-box.default\">\n\t\t\t\t\t\t\t<div class=\"elementor-icon-box-wrapper\">\n\n\t\t\t\t\t\t<div class=\"elementor-icon-box-icon\">\n\t\t\t\t<span  class=\"elementor-icon\">\n\t\t\t\t<i aria-hidden=\"true\" class=\"huge huge-user-group\"><\/i>\t\t\t\t<\/span>\n\t\t\t<\/div>\n\t\t\t\n\t\t\t\t\t\t<div class=\"elementor-icon-box-content\">\n\n\t\t\t\t\t\t\t\t\t<h3 class=\"elementor-icon-box-title\">\n\t\t\t\t\t\t<span  >\n\t\t\t\t\t\t\tASESORAMIENTO 100% PERSONALIZADO\t\t\t\t\t\t<\/span>\n\t\t\t\t\t<\/h3>\n\t\t\t\t\n\t\t\t\t\n\t\t\t<\/div>\n\t\t\t\n\t\t<\/div>\n\t\t\t\t\t\t<\/div>\n\t\t\t\t<div class=\"elementor-element elementor-element-e4030bf elementor-view-default elementor-position-top elementor-mobile-position-top ha-has-bg-overlay elementor-widget elementor-widget-icon-box\" data-id=\"e4030bf\" data-element_type=\"widget\" data-widget_type=\"icon-box.default\">\n\t\t\t\t\t\t\t<div class=\"elementor-icon-box-wrapper\">\n\n\t\t\t\t\t\t<div class=\"elementor-icon-box-icon\">\n\t\t\t\t<span  class=\"elementor-icon\">\n\t\t\t\t<i aria-hidden=\"true\" class=\"huge huge-thumbs-up-rectangle\"><\/i>\t\t\t\t<\/span>\n\t\t\t<\/div>\n\t\t\t\n\t\t\t\t\t\t<div class=\"elementor-icon-box-content\">\n\n\t\t\t\t\t\t\t\t\t<h3 class=\"elementor-icon-box-title\">\n\t\t\t\t\t\t<span  >\n\t\t\t\t\t\t\tDiversas opciones seg\u00fan tu edad y horizonte temporal\t\t\t\t\t\t<\/span>\n\t\t\t\t\t<\/h3>\n\t\t\t\t\n\t\t\t\t\n\t\t\t<\/div>\n\t\t\t\n\t\t<\/div>\n\t\t\t\t\t\t<\/div>\n\t\t\t\t<div class=\"elementor-element elementor-element-0650859 elementor-view-default elementor-position-top elementor-mobile-position-top ha-has-bg-overlay elementor-widget elementor-widget-icon-box\" data-id=\"0650859\" data-element_type=\"widget\" data-widget_type=\"icon-box.default\">\n\t\t\t\t\t\t\t<div class=\"elementor-icon-box-wrapper\">\n\n\t\t\t\t\t\t<div class=\"elementor-icon-box-icon\">\n\t\t\t\t<span  class=\"elementor-icon\">\n\t\t\t\t<i aria-hidden=\"true\" class=\"huge huge-analytics-up\"><\/i>\t\t\t\t<\/span>\n\t\t\t<\/div>\n\t\t\t\n\t\t\t\t\t\t<div class=\"elementor-icon-box-content\">\n\n\t\t\t\t\t\t\t\t\t<h3 class=\"elementor-icon-box-title\">\n\t\t\t\t\t\t<span  >\n\t\t\t\t\t\t\tPlanes de ahorro flexibles y con ventajas fiscales\t\t\t\t\t\t<\/span>\n\t\t\t\t\t<\/h3>\n\t\t\t\t\n\t\t\t\t\n\t\t\t<\/div>\n\t\t\t\n\t\t<\/div>\n\t\t\t\t\t\t<\/div>\n\t\t\t\t<\/div>\n\t\t\t\t\t<\/div>\n\t\t\t\t<\/div>\n\t\t<div class=\"elementor-element elementor-element-7d2cc06 e-flex e-con-boxed e-con e-parent\" data-id=\"7d2cc06\" data-element_type=\"container\" data-settings=\"{&quot;_ha_eqh_enable&quot;:false}\">\n\t\t\t\t\t<div class=\"e-con-inner\">\n\t\t\t\t<div class=\"elementor-element elementor-element-8efedb7 elementor-widget elementor-widget-heading\" data-id=\"8efedb7\" data-element_type=\"widget\" data-widget_type=\"heading.default\">\n\t\t\t\t\t<h2 class=\"elementor-heading-title elementor-size-default\">tipos de planes disponibles<\/h2>\t\t\t\t<\/div>\n\t\t<div class=\"elementor-element elementor-element-11bbf6d e-con-full e-flex e-con e-child\" data-id=\"11bbf6d\" data-element_type=\"container\" data-settings=\"{&quot;_ha_eqh_enable&quot;:false}\">\n\t\t<div class=\"elementor-element elementor-element-e5867c9 e-con-full e-flex e-con e-child\" data-id=\"e5867c9\" data-element_type=\"container\" data-settings=\"{&quot;_ha_eqh_enable&quot;:false}\">\n\t\t\t\t<div class=\"elementor-element elementor-element-5591f94 elementor-widget__width-inherit ha-infobox-media-dir-top ha-has-bg-overlay elementor-widget elementor-widget-ha-infobox happy-addon ha-infobox\" data-id=\"5591f94\" data-element_type=\"widget\" data-widget_type=\"ha-infobox.default\">\n\t\t\t\t\t\n\t\t\t\t\t<figure class=\"ha-infobox-figure ha-infobox-figure--icon\">\n\t\t\t\t<i class=\"huge huge-bank\"><\/i>\t\t\t<\/figure>\n\t\t\n\t\t<div class=\"ha-infobox-body\">\n\t\t\t<h2 class=\"ha-infobox-title\">Planes de pensiones tradicionales<\/h2>\n\t\t\t\t\t\t\t<div class=\"ha-infobox-text\">\n\t\t\t\t\t<p>Aportaciones peri\u00f3dicas o puntuales que se invierten en fondos de renta fija, variable o mixta.\nObt\u00e9n rentabilidad a largo plazo y disfruta de deducciones fiscales por tus aportaciones.<\/p>\n\t\t\t\t<\/div>\n\t\t\t\n\t\t\t\t\t<\/div>\n\t\t\t\t\t\t<\/div>\n\t\t\t\t<div class=\"elementor-element elementor-element-58c3edd elementor-widget__width-inherit ha-infobox-media-dir-top ha-has-bg-overlay elementor-widget elementor-widget-ha-infobox happy-addon ha-infobox\" data-id=\"58c3edd\" data-element_type=\"widget\" data-widget_type=\"ha-infobox.default\">\n\t\t\t\t\t\n\t\t\t\t\t<figure class=\"ha-infobox-figure ha-infobox-figure--icon\">\n\t\t\t\t<i class=\"huge huge-briefcase-07\"><\/i>\t\t\t<\/figure>\n\t\t\n\t\t<div class=\"ha-infobox-body\">\n\t\t\t<h2 class=\"ha-infobox-title\">Planes de empleo o para aut\u00f3nomos<\/h2>\n\t\t\t\t\t\t\t<div class=\"ha-infobox-text\">\n\t\t\t\t\t<p>Dise\u00f1ados para empresas y profesionales independientes.\nPermiten realizar aportaciones conjuntas y optimizar el ahorro con ventajas fiscales adicionales.<\/p>\n\t\t\t\t<\/div>\n\t\t\t\n\t\t\t\t\t<\/div>\n\t\t\t\t\t\t<\/div>\n\t\t\t\t<\/div>\n\t\t<div class=\"elementor-element elementor-element-e5e05dd e-con-full e-flex e-con e-child\" data-id=\"e5e05dd\" data-element_type=\"container\" data-settings=\"{&quot;_ha_eqh_enable&quot;:false}\">\n\t\t\t\t<div class=\"elementor-element elementor-element-cf80b0e elementor-widget__width-initial ha-infobox-media-dir-top ha-has-bg-overlay elementor-widget elementor-widget-ha-infobox happy-addon ha-infobox\" data-id=\"cf80b0e\" data-element_type=\"widget\" data-widget_type=\"ha-infobox.default\">\n\t\t\t\t\t\n\t\t\t\t\t<figure class=\"ha-infobox-figure ha-infobox-figure--icon\">\n\t\t\t\t<i class=\"huge huge-wallet-done-02\"><\/i>\t\t\t<\/figure>\n\t\t\n\t\t<div class=\"ha-infobox-body\">\n\t\t\t<h2 class=\"ha-infobox-title\">Seguros de ahorro y jubilaci\u00f3n<\/h2>\n\t\t\t\t\t\t\t<div class=\"ha-infobox-text\">\n\t\t\t\t\t<p>Alternativas al plan de pensiones cl\u00e1sico, con mayor flexibilidad en rescate y rentabilidad.\nIdeales si buscas una gesti\u00f3n m\u00e1s personalizada o un complemento a tu plan actual.<\/p>\n\t\t\t\t<\/div>\n\t\t\t\n\t\t\t\t\t<\/div>\n\t\t\t\t\t\t<\/div>\n\t\t\t\t<\/div>\n\t\t\t\t<\/div>\n\t\t\t\t\t<\/div>\n\t\t\t\t<\/div>\n\t\t<div class=\"elementor-element elementor-element-5603e23 e-flex e-con-boxed e-con e-parent\" data-id=\"5603e23\" data-element_type=\"container\" data-settings=\"{&quot;_ha_eqh_enable&quot;:false}\">\n\t\t\t\t\t<div class=\"e-con-inner\">\n\t\t\t\t<div class=\"elementor-element elementor-element-52d1d5d elementor-widget elementor-widget-heading\" data-id=\"52d1d5d\" data-element_type=\"widget\" data-widget_type=\"heading.default\">\n\t\t\t\t\t<h2 class=\"elementor-heading-title elementor-size-default\">\u00bfpor qu\u00e9 confiar en una corredur\u00eda?<\/h2>\t\t\t\t<\/div>\n\t\t\t\t<div class=\"elementor-element elementor-element-ec7991d elementor-widget-divider--view-line elementor-invisible elementor-widget elementor-widget-divider\" data-id=\"ec7991d\" data-element_type=\"widget\" data-settings=\"{&quot;_animation&quot;:&quot;fadeInLeft&quot;,&quot;_animation_delay&quot;:1200}\" data-widget_type=\"divider.default\">\n\t\t\t\t\t\t\t<div class=\"elementor-divider\">\n\t\t\t<span class=\"elementor-divider-separator\">\n\t\t\t\t\t\t<\/span>\n\t\t<\/div>\n\t\t\t\t\t\t<\/div>\n\t\t\t\t<div class=\"elementor-element elementor-element-1f44fb4 elementor-widget elementor-widget-text-editor\" data-id=\"1f44fb4\" data-element_type=\"widget\" data-widget_type=\"text-editor.default\">\n\t\t\t\t\t\t\t\t\t<p data-start=\"2433\" data-end=\"2628\">A diferencia de un banco o gestora \u00fanica, <strong data-start=\"2475\" data-end=\"2513\">somos una corredur\u00eda independiente<\/strong>:<br data-start=\"2514\" data-end=\"2517\" \/>Analizamos el mercado completo para ofrecerte <strong data-start=\"2563\" data-end=\"2627\">la mejor combinaci\u00f3n de rentabilidad, seguridad y fiscalidad<\/strong>.<\/p><blockquote data-start=\"2630\" data-end=\"2742\"><p data-start=\"2632\" data-end=\"2742\">Nuestro objetivo no es venderte un producto, sino ayudarte a dise\u00f1ar un plan de futuro s\u00f3lido y adaptado a ti.<\/p><\/blockquote>\t\t\t\t\t\t\t\t<\/div>\n\t\t\t\t\t<\/div>\n\t\t\t\t<\/div>\n\t\t<div class=\"elementor-element elementor-element-2deac97 e-flex e-con-boxed e-con e-parent\" data-id=\"2deac97\" data-element_type=\"container\" data-settings=\"{&quot;_ha_eqh_enable&quot;:false}\">\n\t\t\t\t\t<div class=\"e-con-inner\">\n\t\t\t\t<div class=\"elementor-element elementor-element-2422930 elementor-widget elementor-widget-heading\" data-id=\"2422930\" data-element_type=\"widget\" data-widget_type=\"heading.default\">\n\t\t\t\t\t<h2 class=\"elementor-heading-title elementor-size-default\">como conseguir tu presupuesto<\/h2>\t\t\t\t<\/div>\n\t\t<div class=\"elementor-element elementor-element-97039b3 e-con-full e-flex e-con e-child\" data-id=\"97039b3\" data-element_type=\"container\" data-settings=\"{&quot;_ha_eqh_enable&quot;:false}\">\n\t\t\t\t<div class=\"elementor-element elementor-element-44c647e elementor-widget elementor-widget-ha-step-flow happy-addon ha-step-flow\" data-id=\"44c647e\" data-element_type=\"widget\" data-widget_type=\"ha-step-flow.default\">\n\t\t\t\t\t\n\t\t<div class=\"ha-steps-icon\">\n\t\t\t\t\t\t\t<span class=\"ha-step-arrow\"><\/span>\n\t\t\t\n\t\t\t<i class=\"huge huge-customer-service-01\"><\/i>\n\t\t\t\t\t\t\t<span class=\"ha-steps-label\">Paso 1<\/span>\n\t\t\t\t\t<\/div>\n\n\t\t<h2 class=\"ha-steps-title\">cu\u00e9ntanos que seguro te interesa<\/h2>\n\t\t\t\t\t<p class=\"ha-step-description\">Contacta con nuestro equipo y cu\u00e9ntanos<br> todos los detalles de lo que necesitas.<\/p>\n\t\t\n\t\t\t\t\t\t<\/div>\n\t\t\t\t<div class=\"elementor-element elementor-element-ebaf267 elementor-widget elementor-widget-ha-step-flow happy-addon ha-step-flow\" data-id=\"ebaf267\" data-element_type=\"widget\" data-widget_type=\"ha-step-flow.default\">\n\t\t\t\t\t\n\t\t<div class=\"ha-steps-icon\">\n\t\t\t\t\t\t\t<span class=\"ha-step-arrow\"><\/span>\n\t\t\t\n\t\t\t<i class=\"huge huge-customize\"><\/i>\n\t\t\t\t\t\t\t<span class=\"ha-steps-label\">Paso 2<\/span>\n\t\t\t\t\t<\/div>\n\n\t\t<h2 class=\"ha-steps-title\">PERSONALIZAMOS TU PLAN<\/h2>\n\t\t\t\t\t<p class=\"ha-step-description\">Comparamos las principales aseguradoras<br> y negociamos la mejor oferta para ti.<\/p>\n\t\t\n\t\t\t\t\t\t<\/div>\n\t\t\t\t<div class=\"elementor-element elementor-element-763e93b elementor-widget elementor-widget-ha-step-flow happy-addon ha-step-flow\" data-id=\"763e93b\" data-element_type=\"widget\" data-widget_type=\"ha-step-flow.default\">\n\t\t\t\t\t\n\t\t<div class=\"ha-steps-icon\">\n\t\t\t\n\t\t\t<i class=\"icon icon-deal\"><\/i>\n\t\t\t\t\t\t\t<span class=\"ha-steps-label\">\u00a1Listo!<\/span>\n\t\t\t\t\t<\/div>\n\n\t\t<h2 class=\"ha-steps-title\">RECIBES LA MEJOR OPCI\u00d3N<\/h2>\n\t\t\t\t\t<p class=\"ha-step-description\">Tienes el mejor seguro a tu medida<br> y un equipo de profesionales<br> a tu servicio para cualquier incidencia.<\/p>\n\t\t\n\t\t\t\t\t\t<\/div>\n\t\t\t\t<\/div>\n\t\t\t\t\t<\/div>\n\t\t\t\t<\/div>\n\t\t<div class=\"elementor-element elementor-element-64402f4 e-flex e-con-boxed e-con e-parent\" data-id=\"64402f4\" data-element_type=\"container\" data-settings=\"{&quot;_ha_eqh_enable&quot;:false}\">\n\t\t\t\t\t<div class=\"e-con-inner\">\n\t\t\t\t<div class=\"elementor-element elementor-element-6a791b7 elementor-widget elementor-widget-eael-cta-box\" data-id=\"6a791b7\" data-element_type=\"widget\" data-widget_type=\"eael-cta-box.default\">\n\t\t\t\t\t\t\t\t\t<div class=\"eael-call-to-action cta-icon-flex bg-lite cta-preset-1\">\n\t    <div class=\"icon\">\n\t\t\t\t\t\t\t<i class=\"huge huge-healtcare\"><\/i>\t    <\/div>\n\t    <div class=\"content\">\n            <h2 class=\"title eael-cta-heading\">Tu jubilaci\u00f3n, en las mejores manos<\/h2><p>En Best In Brokers creemos que la tranquilidad se construye con tiempo, asesoramiento y confianza.<br \/>Empieza hoy a planificar tu futuro con el respaldo de expertos en ahorro y previsi\u00f3n.<\/p>\t    <\/div>\n\t    <div class=\"action\">\n            <a href=\"https:\/\/best-in-brokers.com\/es\/contacto\/\" class=\"cta-button cta-preset-1  \">Contactar<\/a>\t    <\/div>\n\t<\/div>\n\t\t\t\t\t\t<\/div>\n\t\t\t\t\t<\/div>\n\t\t\t\t<\/div>\n\t\t\t\t<\/div>\n\t\t","protected":false},"excerpt":{"rendered":"<p>Planes de pensiones y jubilaci\u00f3n Para que solo te preocupes de lo que de verdad importa, nosotros nos ocupamos del resto. El futuro se planifica hoy La jubilaci\u00f3n no es un gasto, es una inversi\u00f3n en tu bienestar y en el de tu familia.Con un plan de pensiones o ahorro para la jubilaci\u00f3n, puedes garantizarte [&hellip;]<\/p>\n","protected":false},"author":1,"featured_media":0,"parent":0,"menu_order":0,"comment_status":"closed","ping_status":"closed","template":"","meta":{"footnotes":""},"class_list":["post-334","page","type-page","status-publish","hentry"],"yoast_head":"<!-- This site is optimized with the Yoast SEO plugin v26.5 - https:\/\/yoast.com\/wordpress\/plugins\/seo\/ -->\n<title>Pensiones y jubilaci\u00f3n - Best-in-brokers<\/title>\n<meta name=\"robots\" content=\"index, follow, max-snippet:-1, max-image-preview:large, max-video-preview:-1\" \/>\n<link rel=\"canonical\" href=\"https:\/\/best-in-brokers.com\/es\/pensiones-y-jubilacion\/\" \/>\n<meta property=\"og:locale\" content=\"es_ES\" \/>\n<meta property=\"og:type\" content=\"article\" \/>\n<meta property=\"og:title\" content=\"Pensiones y jubilaci\u00f3n - Best-in-brokers\" \/>\n<meta property=\"og:description\" content=\"Planes de pensiones y jubilaci\u00f3n Para que solo te preocupes de lo que de verdad importa, nosotros nos ocupamos del resto. El futuro se planifica hoy La jubilaci\u00f3n no es un gasto, es una inversi\u00f3n en tu bienestar y en el de tu familia.Con un plan de pensiones o ahorro para la jubilaci\u00f3n, puedes garantizarte [&hellip;]\" \/>\n<meta property=\"og:url\" content=\"https:\/\/best-in-brokers.com\/es\/pensiones-y-jubilacion\/\" \/>\n<meta property=\"og:site_name\" content=\"Best-in-brokers\" \/>\n<meta property=\"article:modified_time\" content=\"2025-12-12T10:52:12+00:00\" \/>\n<meta name=\"twitter:card\" content=\"summary_large_image\" \/>\n<meta name=\"twitter:label1\" content=\"Tiempo de lectura\" \/>\n\t<meta name=\"twitter:data1\" content=\"2 minutos\" \/>\n<script type=\"application\/ld+json\" class=\"yoast-schema-graph\">{\"@context\":\"https:\/\/schema.org\",\"@graph\":[{\"@type\":\"WebPage\",\"@id\":\"https:\/\/best-in-brokers.com\/es\/pensiones-y-jubilacion\/\",\"url\":\"https:\/\/best-in-brokers.com\/es\/pensiones-y-jubilacion\/\",\"name\":\"Pensiones y jubilaci\u00f3n - Best-in-brokers\",\"isPartOf\":{\"@id\":\"https:\/\/best-in-brokers.com\/#website\"},\"datePublished\":\"2025-10-14T10:12:27+00:00\",\"dateModified\":\"2025-12-12T10:52:12+00:00\",\"breadcrumb\":{\"@id\":\"https:\/\/best-in-brokers.com\/es\/pensiones-y-jubilacion\/#breadcrumb\"},\"inLanguage\":\"es\",\"potentialAction\":[{\"@type\":\"ReadAction\",\"target\":[\"https:\/\/best-in-brokers.com\/es\/pensiones-y-jubilacion\/\"]}]},{\"@type\":\"BreadcrumbList\",\"@id\":\"https:\/\/best-in-brokers.com\/es\/pensiones-y-jubilacion\/#breadcrumb\",\"itemListElement\":[{\"@type\":\"ListItem\",\"position\":1,\"name\":\"Portada\",\"item\":\"https:\/\/best-in-brokers.com\/es\/\"},{\"@type\":\"ListItem\",\"position\":2,\"name\":\"Pensiones y jubilaci\u00f3n\"}]},{\"@type\":\"WebSite\",\"@id\":\"https:\/\/best-in-brokers.com\/#website\",\"url\":\"https:\/\/best-in-brokers.com\/\",\"name\":\"Best-in-brokers\",\"description\":\"Corredur\u00eda de seguros en Torrevieja, ofrecemos seguros al mejor precio garantizado\",\"publisher\":{\"@id\":\"https:\/\/best-in-brokers.com\/#organization\"},\"potentialAction\":[{\"@type\":\"SearchAction\",\"target\":{\"@type\":\"EntryPoint\",\"urlTemplate\":\"https:\/\/best-in-brokers.com\/?s={search_term_string}\"},\"query-input\":{\"@type\":\"PropertyValueSpecification\",\"valueRequired\":true,\"valueName\":\"search_term_string\"}}],\"inLanguage\":\"es\"},{\"@type\":\"Organization\",\"@id\":\"https:\/\/best-in-brokers.com\/#organization\",\"name\":\"Best-in-brokers\",\"url\":\"https:\/\/best-in-brokers.com\/\",\"logo\":{\"@type\":\"ImageObject\",\"inLanguage\":\"es\",\"@id\":\"https:\/\/best-in-brokers.com\/#\/schema\/logo\/image\/\",\"url\":\"https:\/\/best-in-brokers.com\/wp-content\/uploads\/2025\/09\/5-e1760429981409.png\",\"contentUrl\":\"https:\/\/best-in-brokers.com\/wp-content\/uploads\/2025\/09\/5-e1760429981409.png\",\"width\":500,\"height\":193,\"caption\":\"Best-in-brokers\"},\"image\":{\"@id\":\"https:\/\/best-in-brokers.com\/#\/schema\/logo\/image\/\"}}]}<\/script>\n<!-- \/ Yoast SEO plugin. -->","yoast_head_json":{"title":"Pensiones y jubilaci\u00f3n - Best-in-brokers","robots":{"index":"index","follow":"follow","max-snippet":"max-snippet:-1","max-image-preview":"max-image-preview:large","max-video-preview":"max-video-preview:-1"},"canonical":"https:\/\/best-in-brokers.com\/es\/pensiones-y-jubilacion\/","og_locale":"es_ES","og_type":"article","og_title":"Pensiones y jubilaci\u00f3n - Best-in-brokers","og_description":"Planes de pensiones y jubilaci\u00f3n Para que solo te preocupes de lo que de verdad importa, nosotros nos ocupamos del resto. El futuro se planifica hoy La jubilaci\u00f3n no es un gasto, es una inversi\u00f3n en tu bienestar y en el de tu familia.Con un plan de pensiones o ahorro para la jubilaci\u00f3n, puedes garantizarte [&hellip;]","og_url":"https:\/\/best-in-brokers.com\/es\/pensiones-y-jubilacion\/","og_site_name":"Best-in-brokers","article_modified_time":"2025-12-12T10:52:12+00:00","twitter_card":"summary_large_image","twitter_misc":{"Tiempo de lectura":"2 minutos"},"schema":{"@context":"https:\/\/schema.org","@graph":[{"@type":"WebPage","@id":"https:\/\/best-in-brokers.com\/es\/pensiones-y-jubilacion\/","url":"https:\/\/best-in-brokers.com\/es\/pensiones-y-jubilacion\/","name":"Pensiones y jubilaci\u00f3n - Best-in-brokers","isPartOf":{"@id":"https:\/\/best-in-brokers.com\/#website"},"datePublished":"2025-10-14T10:12:27+00:00","dateModified":"2025-12-12T10:52:12+00:00","breadcrumb":{"@id":"https:\/\/best-in-brokers.com\/es\/pensiones-y-jubilacion\/#breadcrumb"},"inLanguage":"es","potentialAction":[{"@type":"ReadAction","target":["https:\/\/best-in-brokers.com\/es\/pensiones-y-jubilacion\/"]}]},{"@type":"BreadcrumbList","@id":"https:\/\/best-in-brokers.com\/es\/pensiones-y-jubilacion\/#breadcrumb","itemListElement":[{"@type":"ListItem","position":1,"name":"Portada","item":"https:\/\/best-in-brokers.com\/es\/"},{"@type":"ListItem","position":2,"name":"Pensiones y jubilaci\u00f3n"}]},{"@type":"WebSite","@id":"https:\/\/best-in-brokers.com\/#website","url":"https:\/\/best-in-brokers.com\/","name":"Best-in-brokers","description":"Corredur\u00eda de seguros en Torrevieja, ofrecemos seguros al mejor precio garantizado","publisher":{"@id":"https:\/\/best-in-brokers.com\/#organization"},"potentialAction":[{"@type":"SearchAction","target":{"@type":"EntryPoint","urlTemplate":"https:\/\/best-in-brokers.com\/?s={search_term_string}"},"query-input":{"@type":"PropertyValueSpecification","valueRequired":true,"valueName":"search_term_string"}}],"inLanguage":"es"},{"@type":"Organization","@id":"https:\/\/best-in-brokers.com\/#organization","name":"Best-in-brokers","url":"https:\/\/best-in-brokers.com\/","logo":{"@type":"ImageObject","inLanguage":"es","@id":"https:\/\/best-in-brokers.com\/#\/schema\/logo\/image\/","url":"https:\/\/best-in-brokers.com\/wp-content\/uploads\/2025\/09\/5-e1760429981409.png","contentUrl":"https:\/\/best-in-brokers.com\/wp-content\/uploads\/2025\/09\/5-e1760429981409.png","width":500,"height":193,"caption":"Best-in-brokers"},"image":{"@id":"https:\/\/best-in-brokers.com\/#\/schema\/logo\/image\/"}}]}},"_links":{"self":[{"href":"https:\/\/best-in-brokers.com\/es\/wp-json\/wp\/v2\/pages\/334","targetHints":{"allow":["GET"]}}],"collection":[{"href":"https:\/\/best-in-brokers.com\/es\/wp-json\/wp\/v2\/pages"}],"about":[{"href":"https:\/\/best-in-brokers.com\/es\/wp-json\/wp\/v2\/types\/page"}],"author":[{"embeddable":true,"href":"https:\/\/best-in-brokers.com\/es\/wp-json\/wp\/v2\/users\/1"}],"replies":[{"embeddable":true,"href":"https:\/\/best-in-brokers.com\/es\/wp-json\/wp\/v2\/comments?post=334"}],"version-history":[{"count":40,"href":"https:\/\/best-in-brokers.com\/es\/wp-json\/wp\/v2\/pages\/334\/revisions"}],"predecessor-version":[{"id":1237,"href":"https:\/\/best-in-brokers.com\/es\/wp-json\/wp\/v2\/pages\/334\/revisions\/1237"}],"wp:attachment":[{"href":"https:\/\/best-in-brokers.com\/es\/wp-json\/wp\/v2\/media?parent=334"}],"curies":[{"name":"wp","href":"https:\/\/api.w.org\/{rel}","templated":true}]}}