{"id":341,"date":"2025-10-14T10:17:31","date_gmt":"2025-10-14T10:17:31","guid":{"rendered":"https:\/\/best-in-brokers.com\/?page_id=341"},"modified":"2025-12-15T11:31:01","modified_gmt":"2025-12-15T10:31:01","slug":"politica-de-cookies","status":"publish","type":"page","link":"https:\/\/best-in-brokers.com\/es\/politica-de-cookies\/","title":{"rendered":"Pol\u00edtica de cookies"},"content":{"rendered":"\t\t<div data-elementor-type=\"wp-page\" data-elementor-id=\"341\" class=\"elementor elementor-341\" data-elementor-post-type=\"page\">\n\t\t\t\t<div class=\"elementor-element elementor-element-9103b2b e-flex e-con-boxed e-con e-parent\" data-id=\"9103b2b\" data-element_type=\"container\" data-settings=\"{&quot;_ha_eqh_enable&quot;:false}\">\n\t\t\t\t\t<div class=\"e-con-inner\">\n\t\t\t\t<div class=\"elementor-element elementor-element-14903fc elementor-widget elementor-widget-heading\" data-id=\"14903fc\" data-element_type=\"widget\" data-widget_type=\"heading.default\">\n\t\t\t\t\t<h2 class=\"elementor-heading-title elementor-size-default\">POL\u00cdTICA DE cookies<\/h2>\t\t\t\t<\/div>\n\t\t\t\t<div class=\"elementor-element elementor-element-cdd21c9 elementor-widget elementor-widget-text-editor\" data-id=\"cdd21c9\" data-element_type=\"widget\" data-widget_type=\"text-editor.default\">\n\t\t\t\t\t\t\t\t\t<p>Definici\u00f3n de Cookies<\/p><p>Las cookies son identificadores que enviamos al disco duro de su ordenador a trav\u00e9s de su navegador web con el fin de que nuestros sistemas puedan reconocer su navegador y ofrecerle ciertos servicios.<br \/>A continuaci\u00f3n, se detallan las cookies utilizadas en https:\/\/best-in-brokers.com<br \/>.<\/p><p>Tabla de Cookies Utilizadas<\/p><div class=\"_tableContainer_1rjym_1\"><div class=\"group _tableWrapper_1rjym_13 flex w-fit flex-col-reverse\" tabindex=\"-1\"><table class=\"w-fit min-w-(--thread-content-width)\" data-start=\"527\" data-end=\"1495\"><thead data-start=\"527\" data-end=\"644\"><tr data-start=\"527\" data-end=\"644\"><th data-start=\"527\" data-end=\"548\" data-col-size=\"sm\"><strong data-start=\"529\" data-end=\"547\">Tipo de Cookie<\/strong><\/th><th data-start=\"548\" data-end=\"575\" data-col-size=\"md\"><strong data-start=\"550\" data-end=\"574\">Informaci\u00f3n recogida<\/strong><\/th><th data-start=\"575\" data-end=\"591\" data-col-size=\"md\"><strong data-start=\"577\" data-end=\"590\">Prop\u00f3sito<\/strong><\/th><th data-start=\"591\" data-end=\"616\" data-col-size=\"sm\"><strong data-start=\"593\" data-end=\"615\">Per\u00edodo de validez<\/strong><\/th><th data-start=\"616\" data-end=\"644\" data-col-size=\"md\"><strong data-start=\"618\" data-end=\"642\">Modo de desactivarla<\/strong><\/th><\/tr><\/thead><tbody data-start=\"765\" data-end=\"1495\"><tr data-start=\"765\" data-end=\"975\"><td data-start=\"765\" data-end=\"787\" data-col-size=\"sm\"><strong data-start=\"767\" data-end=\"786\">Cookies propias<\/strong><\/td><td data-col-size=\"md\" data-start=\"787\" data-end=\"825\">Si el usuario est\u00e1 logueado (s\u00ed\/no)<\/td><td data-col-size=\"md\" data-start=\"825\" data-end=\"894\">Evitar solicitar login repetidamente cuando la sesi\u00f3n sigue activa<\/td><td data-col-size=\"sm\" data-start=\"894\" data-end=\"913\">Cookie de sesi\u00f3n<\/td><td data-col-size=\"md\" data-start=\"913\" data-end=\"975\">No se puede, es necesaria para el funcionamiento de la web<\/td><\/tr><tr data-start=\"976\" data-end=\"1198\"><td data-start=\"976\" data-end=\"998\" data-col-size=\"sm\"><strong data-start=\"978\" data-end=\"997\">Cookies propias<\/strong><\/td><td data-col-size=\"md\" data-start=\"998\" data-end=\"1081\">Informaci\u00f3n binaria (s\u00ed\/no), como si el usuario acept\u00f3 la advertencia de cookies<\/td><td data-col-size=\"md\" data-start=\"1081\" data-end=\"1128\">Recordar acciones y preferencias del usuario<\/td><td data-col-size=\"sm\" data-start=\"1128\" data-end=\"1136\">1 a\u00f1o<\/td><td data-col-size=\"md\" data-start=\"1136\" data-end=\"1198\">No se puede, es necesaria para el funcionamiento de la web<\/td><\/tr><tr data-start=\"1199\" data-end=\"1495\"><td data-start=\"1199\" data-end=\"1244\" data-col-size=\"sm\"><strong data-start=\"1201\" data-end=\"1243\">Cookies de terceros (Google Analytics)<\/strong><\/td><td data-col-size=\"md\" data-start=\"1244\" data-end=\"1322\">Informaci\u00f3n anal\u00edtica: visita, duraci\u00f3n, p\u00e1ginas, clics, origen del tr\u00e1fico<\/td><td data-col-size=\"md\" data-start=\"1322\" data-end=\"1385\">Analizar el comportamiento del usuario y mejorar el servicio<\/td><td data-col-size=\"sm\" data-start=\"1385\" data-end=\"1420\">Cookies de sesi\u00f3n o hasta 2 a\u00f1os<\/td><td data-col-size=\"md\" data-start=\"1420\" data-end=\"1495\">Mediante el complemento: <a class=\"decorated-link\" href=\"https:\/\/tools.google.com\/dlpage\/gaoptout?hl=es\" target=\"_new\" rel=\"noopener\" data-start=\"1447\" data-end=\"1493\">https:\/\/tools.google.com\/dlpage\/gaoptout?hl=es<\/a><\/td><\/tr><\/tbody><\/table><\/div><\/div><hr data-start=\"1497\" data-end=\"1500\" \/><p>C\u00f3mo deshabilitar las Cookies en los principales navegadores<\/p><p>Normalmente es posible dejar de aceptar cookies del navegador o de un servicio en particular.<br \/>Todos los navegadores modernos permiten cambiar la configuraci\u00f3n de las cookies desde sus opciones o preferencias.<\/p><div class=\"_tableContainer_1rjym_1\"><div class=\"group _tableWrapper_1rjym_13 flex w-fit flex-col-reverse\" tabindex=\"-1\"><table class=\"w-fit min-w-(--thread-content-width)\" data-start=\"1782\" data-end=\"2370\"><thead data-start=\"1782\" data-end=\"1856\"><tr data-start=\"1782\" data-end=\"1856\"><th data-start=\"1782\" data-end=\"1798\" data-col-size=\"sm\"><strong data-start=\"1784\" data-end=\"1797\">Navegador<\/strong><\/th><th data-start=\"1798\" data-end=\"1835\" data-col-size=\"md\"><strong data-start=\"1800\" data-end=\"1834\">Ruta para deshabilitar cookies<\/strong><\/th><th data-start=\"1835\" data-end=\"1856\" data-col-size=\"md\"><strong data-start=\"1837\" data-end=\"1854\">Ayuda oficial<\/strong><\/th><\/tr><\/thead><tbody data-start=\"1932\" data-end=\"2370\"><tr data-start=\"1932\" data-end=\"2069\"><td data-start=\"1932\" data-end=\"1956\" data-col-size=\"sm\"><strong data-start=\"1934\" data-end=\"1955\">Internet Explorer<\/strong><\/td><td data-col-size=\"md\" data-start=\"1956\" data-end=\"2023\">Herramientas \u2192 Opciones de Internet \u2192 Privacidad \u2192 Configuraci\u00f3n<\/td><td data-col-size=\"md\" data-start=\"2023\" data-end=\"2069\">Soporte de Microsoft \/ Ayuda del navegador<\/td><\/tr><tr data-start=\"2070\" data-end=\"2187\"><td data-start=\"2070\" data-end=\"2084\" data-col-size=\"sm\"><strong data-start=\"2072\" data-end=\"2083\">Firefox<\/strong><\/td><td data-start=\"2084\" data-end=\"2165\" data-col-size=\"md\">Herramientas \u2192 Opciones \u2192 Privacidad \u2192 Historial \u2192 Configuraci\u00f3n personalizada<\/td><td data-col-size=\"md\" data-start=\"2165\" data-end=\"2187\">Soporte de Mozilla<\/td><\/tr><tr data-start=\"2188\" data-end=\"2309\"><td data-start=\"2188\" data-end=\"2201\" data-col-size=\"sm\"><strong data-start=\"2190\" data-end=\"2200\">Chrome<\/strong><\/td><td data-col-size=\"md\" data-start=\"2201\" data-end=\"2288\">Configuraci\u00f3n \u2192 Mostrar opciones avanzadas \u2192 Privacidad \u2192 Configuraci\u00f3n de contenido<\/td><td data-col-size=\"md\" data-start=\"2288\" data-end=\"2309\">Soporte de Google<\/td><\/tr><tr data-start=\"2310\" data-end=\"2370\"><td data-start=\"2310\" data-end=\"2323\" data-col-size=\"sm\"><strong data-start=\"2312\" data-end=\"2322\">Safari<\/strong><\/td><td data-col-size=\"md\" data-start=\"2323\" data-end=\"2350\">Preferencias \u2192 Seguridad<\/td><td data-col-size=\"md\" data-start=\"2350\" data-end=\"2370\">Soporte de Apple<\/td><\/tr><\/tbody><\/table><\/div><\/div><hr data-start=\"2372\" data-end=\"2375\" \/><p>\u00bfQu\u00e9 ocurre si se deshabilitan las Cookies?<\/p><p>Si se deshabilitan las cookies:<\/p><p>Algunas funcionalidades pueden dejar de funcionar correctamente.<\/p><p>No podr\u00e1 mantenerse identificado en el sitio.<\/p><p>El carrito de compra (si existe) no retendr\u00e1 los productos.<\/p><p>Podr\u00edan no guardarse preferencias ni configuraciones personalizadas.<\/p>\t\t\t\t\t\t\t\t<\/div>\n\t\t\t\t\t<\/div>\n\t\t\t\t<\/div>\n\t\t\t\t<\/div>\n\t\t","protected":false},"excerpt":{"rendered":"<p>POL\u00cdTICA DE cookies Definici\u00f3n de Cookies Las cookies son identificadores que enviamos al disco duro de su ordenador a trav\u00e9s de su navegador web con el fin de que nuestros sistemas puedan reconocer su navegador y ofrecerle ciertos servicios.A continuaci\u00f3n, se detallan las cookies utilizadas en https:\/\/best-in-brokers.com. Tabla de Cookies Utilizadas Tipo de Cookie Informaci\u00f3n [&hellip;]<\/p>\n","protected":false},"author":1,"featured_media":0,"parent":0,"menu_order":0,"comment_status":"closed","ping_status":"closed","template":"","meta":{"footnotes":""},"class_list":["post-341","page","type-page","status-publish","hentry"],"yoast_head":"<!-- This site is optimized with the Yoast SEO plugin v26.5 - https:\/\/yoast.com\/wordpress\/plugins\/seo\/ -->\n<title>Pol\u00edtica de cookies - Best-in-brokers<\/title>\n<meta name=\"robots\" content=\"index, follow, max-snippet:-1, max-image-preview:large, max-video-preview:-1\" \/>\n<link rel=\"canonical\" href=\"https:\/\/best-in-brokers.com\/cookie-policy\/\" \/>\n<meta property=\"og:locale\" content=\"es_ES\" \/>\n<meta property=\"og:type\" content=\"article\" \/>\n<meta property=\"og:title\" content=\"Pol\u00edtica de cookies - Best-in-brokers\" \/>\n<meta property=\"og:description\" content=\"POL\u00cdTICA DE cookies Definici\u00f3n de Cookies Las cookies son identificadores que enviamos al disco duro de su ordenador a trav\u00e9s de su navegador web con el fin de que nuestros sistemas puedan reconocer su navegador y ofrecerle ciertos servicios.A continuaci\u00f3n, se detallan las cookies utilizadas en https:\/\/best-in-brokers.com. Tabla de Cookies Utilizadas Tipo de Cookie Informaci\u00f3n [&hellip;]\" \/>\n<meta property=\"og:url\" content=\"https:\/\/best-in-brokers.com\/cookie-policy\/\" \/>\n<meta property=\"og:site_name\" content=\"Best-in-brokers\" \/>\n<meta property=\"article:modified_time\" content=\"2025-12-15T10:31:01+00:00\" \/>\n<meta name=\"twitter:card\" content=\"summary_large_image\" \/>\n<meta name=\"twitter:label1\" content=\"Tiempo de lectura\" \/>\n\t<meta name=\"twitter:data1\" content=\"2 minutos\" \/>\n<script type=\"application\/ld+json\" class=\"yoast-schema-graph\">{\"@context\":\"https:\/\/schema.org\",\"@graph\":[{\"@type\":\"WebPage\",\"@id\":\"https:\/\/best-in-brokers.com\/cookie-policy\/\",\"url\":\"https:\/\/best-in-brokers.com\/cookie-policy\/\",\"name\":\"Pol\u00edtica de cookies - Best-in-brokers\",\"isPartOf\":{\"@id\":\"https:\/\/best-in-brokers.com\/#website\"},\"datePublished\":\"2025-10-14T10:17:31+00:00\",\"dateModified\":\"2025-12-15T10:31:01+00:00\",\"breadcrumb\":{\"@id\":\"https:\/\/best-in-brokers.com\/cookie-policy\/#breadcrumb\"},\"inLanguage\":\"es\",\"potentialAction\":[{\"@type\":\"ReadAction\",\"target\":[\"https:\/\/best-in-brokers.com\/cookie-policy\/\"]}]},{\"@type\":\"BreadcrumbList\",\"@id\":\"https:\/\/best-in-brokers.com\/cookie-policy\/#breadcrumb\",\"itemListElement\":[{\"@type\":\"ListItem\",\"position\":1,\"name\":\"Portada\",\"item\":\"https:\/\/best-in-brokers.com\/es\/\"},{\"@type\":\"ListItem\",\"position\":2,\"name\":\"Pol\u00edtica de cookies\"}]},{\"@type\":\"WebSite\",\"@id\":\"https:\/\/best-in-brokers.com\/#website\",\"url\":\"https:\/\/best-in-brokers.com\/\",\"name\":\"Best-in-brokers\",\"description\":\"Corredur\u00eda de seguros en Torrevieja, ofrecemos seguros al mejor precio garantizado\",\"publisher\":{\"@id\":\"https:\/\/best-in-brokers.com\/#organization\"},\"potentialAction\":[{\"@type\":\"SearchAction\",\"target\":{\"@type\":\"EntryPoint\",\"urlTemplate\":\"https:\/\/best-in-brokers.com\/?s={search_term_string}\"},\"query-input\":{\"@type\":\"PropertyValueSpecification\",\"valueRequired\":true,\"valueName\":\"search_term_string\"}}],\"inLanguage\":\"es\"},{\"@type\":\"Organization\",\"@id\":\"https:\/\/best-in-brokers.com\/#organization\",\"name\":\"Best-in-brokers\",\"url\":\"https:\/\/best-in-brokers.com\/\",\"logo\":{\"@type\":\"ImageObject\",\"inLanguage\":\"es\",\"@id\":\"https:\/\/best-in-brokers.com\/#\/schema\/logo\/image\/\",\"url\":\"https:\/\/best-in-brokers.com\/wp-content\/uploads\/2025\/09\/5-e1760429981409.png\",\"contentUrl\":\"https:\/\/best-in-brokers.com\/wp-content\/uploads\/2025\/09\/5-e1760429981409.png\",\"width\":500,\"height\":193,\"caption\":\"Best-in-brokers\"},\"image\":{\"@id\":\"https:\/\/best-in-brokers.com\/#\/schema\/logo\/image\/\"}}]}<\/script>\n<!-- \/ Yoast SEO plugin. -->","yoast_head_json":{"title":"Pol\u00edtica de cookies - Best-in-brokers","robots":{"index":"index","follow":"follow","max-snippet":"max-snippet:-1","max-image-preview":"max-image-preview:large","max-video-preview":"max-video-preview:-1"},"canonical":"https:\/\/best-in-brokers.com\/cookie-policy\/","og_locale":"es_ES","og_type":"article","og_title":"Pol\u00edtica de cookies - Best-in-brokers","og_description":"POL\u00cdTICA DE cookies Definici\u00f3n de Cookies Las cookies son identificadores que enviamos al disco duro de su ordenador a trav\u00e9s de su navegador web con el fin de que nuestros sistemas puedan reconocer su navegador y ofrecerle ciertos servicios.A continuaci\u00f3n, se detallan las cookies utilizadas en https:\/\/best-in-brokers.com. Tabla de Cookies Utilizadas Tipo de Cookie Informaci\u00f3n [&hellip;]","og_url":"https:\/\/best-in-brokers.com\/cookie-policy\/","og_site_name":"Best-in-brokers","article_modified_time":"2025-12-15T10:31:01+00:00","twitter_card":"summary_large_image","twitter_misc":{"Tiempo de lectura":"2 minutos"},"schema":{"@context":"https:\/\/schema.org","@graph":[{"@type":"WebPage","@id":"https:\/\/best-in-brokers.com\/cookie-policy\/","url":"https:\/\/best-in-brokers.com\/cookie-policy\/","name":"Pol\u00edtica de cookies - Best-in-brokers","isPartOf":{"@id":"https:\/\/best-in-brokers.com\/#website"},"datePublished":"2025-10-14T10:17:31+00:00","dateModified":"2025-12-15T10:31:01+00:00","breadcrumb":{"@id":"https:\/\/best-in-brokers.com\/cookie-policy\/#breadcrumb"},"inLanguage":"es","potentialAction":[{"@type":"ReadAction","target":["https:\/\/best-in-brokers.com\/cookie-policy\/"]}]},{"@type":"BreadcrumbList","@id":"https:\/\/best-in-brokers.com\/cookie-policy\/#breadcrumb","itemListElement":[{"@type":"ListItem","position":1,"name":"Portada","item":"https:\/\/best-in-brokers.com\/es\/"},{"@type":"ListItem","position":2,"name":"Pol\u00edtica de cookies"}]},{"@type":"WebSite","@id":"https:\/\/best-in-brokers.com\/#website","url":"https:\/\/best-in-brokers.com\/","name":"Best-in-brokers","description":"Corredur\u00eda de seguros en Torrevieja, ofrecemos seguros al mejor precio garantizado","publisher":{"@id":"https:\/\/best-in-brokers.com\/#organization"},"potentialAction":[{"@type":"SearchAction","target":{"@type":"EntryPoint","urlTemplate":"https:\/\/best-in-brokers.com\/?s={search_term_string}"},"query-input":{"@type":"PropertyValueSpecification","valueRequired":true,"valueName":"search_term_string"}}],"inLanguage":"es"},{"@type":"Organization","@id":"https:\/\/best-in-brokers.com\/#organization","name":"Best-in-brokers","url":"https:\/\/best-in-brokers.com\/","logo":{"@type":"ImageObject","inLanguage":"es","@id":"https:\/\/best-in-brokers.com\/#\/schema\/logo\/image\/","url":"https:\/\/best-in-brokers.com\/wp-content\/uploads\/2025\/09\/5-e1760429981409.png","contentUrl":"https:\/\/best-in-brokers.com\/wp-content\/uploads\/2025\/09\/5-e1760429981409.png","width":500,"height":193,"caption":"Best-in-brokers"},"image":{"@id":"https:\/\/best-in-brokers.com\/#\/schema\/logo\/image\/"}}]}},"_links":{"self":[{"href":"https:\/\/best-in-brokers.com\/es\/wp-json\/wp\/v2\/pages\/341","targetHints":{"allow":["GET"]}}],"collection":[{"href":"https:\/\/best-in-brokers.com\/es\/wp-json\/wp\/v2\/pages"}],"about":[{"href":"https:\/\/best-in-brokers.com\/es\/wp-json\/wp\/v2\/types\/page"}],"author":[{"embeddable":true,"href":"https:\/\/best-in-brokers.com\/es\/wp-json\/wp\/v2\/users\/1"}],"replies":[{"embeddable":true,"href":"https:\/\/best-in-brokers.com\/es\/wp-json\/wp\/v2\/comments?post=341"}],"version-history":[{"count":23,"href":"https:\/\/best-in-brokers.com\/es\/wp-json\/wp\/v2\/pages\/341\/revisions"}],"predecessor-version":[{"id":1276,"href":"https:\/\/best-in-brokers.com\/es\/wp-json\/wp\/v2\/pages\/341\/revisions\/1276"}],"wp:attachment":[{"href":"https:\/\/best-in-brokers.com\/es\/wp-json\/wp\/v2\/media?parent=341"}],"curies":[{"name":"wp","href":"https:\/\/api.w.org\/{rel}","templated":true}]}}