{"id":344,"date":"2025-10-14T10:17:53","date_gmt":"2025-10-14T10:17:53","guid":{"rendered":"https:\/\/best-in-brokers.com\/?page_id=344"},"modified":"2025-12-15T11:25:12","modified_gmt":"2025-12-15T10:25:12","slug":"politica-de-privacidad","status":"publish","type":"page","link":"https:\/\/best-in-brokers.com\/es\/politica-de-privacidad\/","title":{"rendered":"Pol\u00edtica de privacidad"},"content":{"rendered":"\t\t<div data-elementor-type=\"wp-page\" data-elementor-id=\"344\" class=\"elementor elementor-344\" data-elementor-post-type=\"page\">\n\t\t\t\t<div class=\"elementor-element elementor-element-7e7f1ce e-flex e-con-boxed e-con e-parent\" data-id=\"7e7f1ce\" data-element_type=\"container\" data-settings=\"{&quot;_ha_eqh_enable&quot;:false}\">\n\t\t\t\t\t<div class=\"e-con-inner\">\n\t\t\t\t<div class=\"elementor-element elementor-element-cbd81ca elementor-widget elementor-widget-heading\" data-id=\"cbd81ca\" data-element_type=\"widget\" data-widget_type=\"heading.default\">\n\t\t\t\t\t<h2 class=\"elementor-heading-title elementor-size-default\">POL\u00cdTICA DE privacidad<\/h2>\t\t\t\t<\/div>\n\t\t\t\t<div class=\"elementor-element elementor-element-76746b8 elementor-widget elementor-widget-text-editor\" data-id=\"76746b8\" data-element_type=\"widget\" data-widget_type=\"text-editor.default\">\n\t\t\t\t\t\t\t\t\t<p>Francisco Javier Pastor Mart\u00ednez informa seguidamente de su pol\u00edtica de privacidad aplicada a los datos personales.<br>El uso de la p\u00e1gina web https:\/\/best-in-brokers.com<br>no implica que el usuario deba suministrar informaci\u00f3n alguna respecto a su identidad, no pudiendo ser asociada a un usuario concreto por la empresa.<br>En el supuesto de que se suministren datos de car\u00e1cter personal, estos datos ser\u00e1n recogidos y utilizados conforme a las limitaciones y derechos recogidos en la normativa vigente.<\/p>\n<p>\u00bfQui\u00e9n es el Responsable del tratamiento de sus datos?<\/p>\n<p>Identidad: Francisco Javier Pastor Mart\u00ednez<\/p>\n<p>NIF: 45567877R<\/p>\n<p>Direcci\u00f3n postal: C. Algarrobo, 2, Local 109, 03189 Orihuela, Alicante<\/p>\n<p>Tel\u00e9fono: +34 602 250 835<\/p>\n<p>Correo electr\u00f3nico: info@best-in-brokers.com<\/p>\n<p>\u00bfCon qu\u00e9 finalidad tratamos sus datos personales?<\/p>\n<p>En Francisco Javier Pastor Mart\u00ednez \u2013 Best in Brokers usamos sus datos personales exclusivamente para dar respuesta a las solicitudes que usted nos remita a trav\u00e9s de los medios de contacto disponibles en nuestra p\u00e1gina web.<br>El tratamiento realizado tiene como \u00fanica finalidad atender las consultas, solicitudes de informaci\u00f3n o comunicaci\u00f3n que usted nos plantee.<\/p>\n<p>\u00bfCu\u00e1l es la legitimaci\u00f3n para el tratamiento de sus datos?<\/p>\n<p>La base legal para el tratamiento de sus datos es el consentimiento informado del usuario, otorgado al remitir voluntariamente sus datos a trav\u00e9s de los formularios o medios de contacto de la p\u00e1gina web.<br>Este consentimiento supone la aceptaci\u00f3n de la presente Pol\u00edtica de Privacidad.<\/p>\n<p>\u00bfA qu\u00e9 destinatarios se comunicar\u00e1n sus datos?<\/p>\n<p>Los datos personales no ser\u00e1n cedidos a terceros, salvo obligaci\u00f3n legal.<\/p>\n<p>\u00bfPor cu\u00e1nto tiempo conservaremos sus datos?<\/p>\n<p>Los datos ser\u00e1n conservados el tiempo necesario para dar respuesta a las consultas recibidas y, posteriormente, durante 12 meses para evitar posibles errores, duplicidades o malentendidos.<\/p>\n<p>\u00bfCu\u00e1les son sus derechos cuando nos facilita sus datos?<\/p>\n<p>El usuario tiene derecho a obtener confirmaci\u00f3n sobre si Francisco Javier Pastor Mart\u00ednez est\u00e1 tratando datos personales que le conciernan.<\/p>\n<p>Asimismo, tiene derecho a:<\/p>\n<p>Acceder a sus datos personales.<\/p>\n<p>Rectificar los datos inexactos.<\/p>\n<p>Solicitar la supresi\u00f3n de los datos cuando ya no sean necesarios para los fines para los que fueron recogidos.<\/p>\n<p>Solicitar la portabilidad de los datos.<\/p>\n<p>Solicitar la limitaci\u00f3n del tratamiento en determinadas circunstancias, conserv\u00e1ndose \u00fanicamente para el ejercicio o defensa de reclamaciones.<\/p>\n<p>Oponerse al tratamiento por motivos relacionados con su situaci\u00f3n particular.<\/p>\n<p>Francisco Javier Pastor Mart\u00ednez dejar\u00e1 de tratar los datos, salvo por motivos leg\u00edtimos imperiosos o para la defensa de posibles reclamaciones.<\/p>\n<p>Recuerde que siempre puede presentar una reclamaci\u00f3n ante la autoridad de control, la Agencia Espa\u00f1ola de Protecci\u00f3n de Datos (AEPD).<\/p>\n<p>\u00bfC\u00f3mo hemos obtenido sus datos?<\/p>\n<p>Los datos personales tratados han sido proporcionados directamente por usted a trav\u00e9s de los diferentes formularios o medios de contacto disponibles en la p\u00e1gina web.<\/p>\n<p>\u00danicamente se tratar\u00e1n datos identificativos y de contacto facilitados voluntariamente por el usuario.<\/p>\t\t\t\t\t\t\t\t<\/div>\n\t\t\t\t\t<\/div>\n\t\t\t\t<\/div>\n\t\t\t\t<\/div>\n\t\t","protected":false},"excerpt":{"rendered":"<p>POL\u00cdTICA DE privacidad Francisco Javier Pastor Mart\u00ednez informa seguidamente de su pol\u00edtica de privacidad aplicada a los datos personales.El uso de la p\u00e1gina web https:\/\/best-in-brokers.comno implica que el usuario deba suministrar informaci\u00f3n alguna respecto a su identidad, no pudiendo ser asociada a un usuario concreto por la empresa.En el supuesto de que se suministren datos [&hellip;]<\/p>\n","protected":false},"author":1,"featured_media":0,"parent":0,"menu_order":0,"comment_status":"closed","ping_status":"closed","template":"","meta":{"footnotes":""},"class_list":["post-344","page","type-page","status-publish","hentry"],"yoast_head":"<!-- This site is optimized with the Yoast SEO plugin v26.5 - https:\/\/yoast.com\/wordpress\/plugins\/seo\/ -->\n<title>Pol\u00edtica de privacidad - Best-in-brokers<\/title>\n<meta name=\"robots\" content=\"index, follow, max-snippet:-1, max-image-preview:large, max-video-preview:-1\" \/>\n<link rel=\"canonical\" href=\"https:\/\/best-in-brokers.com\/privacy-policy\/\" \/>\n<meta property=\"og:locale\" content=\"es_ES\" \/>\n<meta property=\"og:type\" content=\"article\" \/>\n<meta property=\"og:title\" content=\"Pol\u00edtica de privacidad - Best-in-brokers\" \/>\n<meta property=\"og:description\" content=\"POL\u00cdTICA DE privacidad Francisco Javier Pastor Mart\u00ednez informa seguidamente de su pol\u00edtica de privacidad aplicada a los datos personales.El uso de la p\u00e1gina web https:\/\/best-in-brokers.comno implica que el usuario deba suministrar informaci\u00f3n alguna respecto a su identidad, no pudiendo ser asociada a un usuario concreto por la empresa.En el supuesto de que se suministren datos [&hellip;]\" \/>\n<meta property=\"og:url\" content=\"https:\/\/best-in-brokers.com\/privacy-policy\/\" \/>\n<meta property=\"og:site_name\" content=\"Best-in-brokers\" \/>\n<meta property=\"article:modified_time\" content=\"2025-12-15T10:25:12+00:00\" \/>\n<meta name=\"twitter:card\" content=\"summary_large_image\" \/>\n<meta name=\"twitter:label1\" content=\"Tiempo de lectura\" \/>\n\t<meta name=\"twitter:data1\" content=\"3 minutos\" \/>\n<script type=\"application\/ld+json\" class=\"yoast-schema-graph\">{\"@context\":\"https:\/\/schema.org\",\"@graph\":[{\"@type\":\"WebPage\",\"@id\":\"https:\/\/best-in-brokers.com\/privacy-policy\/\",\"url\":\"https:\/\/best-in-brokers.com\/privacy-policy\/\",\"name\":\"Pol\u00edtica de privacidad - Best-in-brokers\",\"isPartOf\":{\"@id\":\"https:\/\/best-in-brokers.com\/#website\"},\"datePublished\":\"2025-10-14T10:17:53+00:00\",\"dateModified\":\"2025-12-15T10:25:12+00:00\",\"breadcrumb\":{\"@id\":\"https:\/\/best-in-brokers.com\/privacy-policy\/#breadcrumb\"},\"inLanguage\":\"es\",\"potentialAction\":[{\"@type\":\"ReadAction\",\"target\":[\"https:\/\/best-in-brokers.com\/privacy-policy\/\"]}]},{\"@type\":\"BreadcrumbList\",\"@id\":\"https:\/\/best-in-brokers.com\/privacy-policy\/#breadcrumb\",\"itemListElement\":[{\"@type\":\"ListItem\",\"position\":1,\"name\":\"Portada\",\"item\":\"https:\/\/best-in-brokers.com\/es\/\"},{\"@type\":\"ListItem\",\"position\":2,\"name\":\"Pol\u00edtica de privacidad\"}]},{\"@type\":\"WebSite\",\"@id\":\"https:\/\/best-in-brokers.com\/#website\",\"url\":\"https:\/\/best-in-brokers.com\/\",\"name\":\"Best-in-brokers\",\"description\":\"Corredur\u00eda de seguros en Torrevieja, ofrecemos seguros al mejor precio garantizado\",\"publisher\":{\"@id\":\"https:\/\/best-in-brokers.com\/#organization\"},\"potentialAction\":[{\"@type\":\"SearchAction\",\"target\":{\"@type\":\"EntryPoint\",\"urlTemplate\":\"https:\/\/best-in-brokers.com\/?s={search_term_string}\"},\"query-input\":{\"@type\":\"PropertyValueSpecification\",\"valueRequired\":true,\"valueName\":\"search_term_string\"}}],\"inLanguage\":\"es\"},{\"@type\":\"Organization\",\"@id\":\"https:\/\/best-in-brokers.com\/#organization\",\"name\":\"Best-in-brokers\",\"url\":\"https:\/\/best-in-brokers.com\/\",\"logo\":{\"@type\":\"ImageObject\",\"inLanguage\":\"es\",\"@id\":\"https:\/\/best-in-brokers.com\/#\/schema\/logo\/image\/\",\"url\":\"https:\/\/best-in-brokers.com\/wp-content\/uploads\/2025\/09\/5-e1760429981409.png\",\"contentUrl\":\"https:\/\/best-in-brokers.com\/wp-content\/uploads\/2025\/09\/5-e1760429981409.png\",\"width\":500,\"height\":193,\"caption\":\"Best-in-brokers\"},\"image\":{\"@id\":\"https:\/\/best-in-brokers.com\/#\/schema\/logo\/image\/\"}}]}<\/script>\n<!-- \/ Yoast SEO plugin. -->","yoast_head_json":{"title":"Pol\u00edtica de privacidad - Best-in-brokers","robots":{"index":"index","follow":"follow","max-snippet":"max-snippet:-1","max-image-preview":"max-image-preview:large","max-video-preview":"max-video-preview:-1"},"canonical":"https:\/\/best-in-brokers.com\/privacy-policy\/","og_locale":"es_ES","og_type":"article","og_title":"Pol\u00edtica de privacidad - Best-in-brokers","og_description":"POL\u00cdTICA DE privacidad Francisco Javier Pastor Mart\u00ednez informa seguidamente de su pol\u00edtica de privacidad aplicada a los datos personales.El uso de la p\u00e1gina web https:\/\/best-in-brokers.comno implica que el usuario deba suministrar informaci\u00f3n alguna respecto a su identidad, no pudiendo ser asociada a un usuario concreto por la empresa.En el supuesto de que se suministren datos [&hellip;]","og_url":"https:\/\/best-in-brokers.com\/privacy-policy\/","og_site_name":"Best-in-brokers","article_modified_time":"2025-12-15T10:25:12+00:00","twitter_card":"summary_large_image","twitter_misc":{"Tiempo de lectura":"3 minutos"},"schema":{"@context":"https:\/\/schema.org","@graph":[{"@type":"WebPage","@id":"https:\/\/best-in-brokers.com\/privacy-policy\/","url":"https:\/\/best-in-brokers.com\/privacy-policy\/","name":"Pol\u00edtica de privacidad - Best-in-brokers","isPartOf":{"@id":"https:\/\/best-in-brokers.com\/#website"},"datePublished":"2025-10-14T10:17:53+00:00","dateModified":"2025-12-15T10:25:12+00:00","breadcrumb":{"@id":"https:\/\/best-in-brokers.com\/privacy-policy\/#breadcrumb"},"inLanguage":"es","potentialAction":[{"@type":"ReadAction","target":["https:\/\/best-in-brokers.com\/privacy-policy\/"]}]},{"@type":"BreadcrumbList","@id":"https:\/\/best-in-brokers.com\/privacy-policy\/#breadcrumb","itemListElement":[{"@type":"ListItem","position":1,"name":"Portada","item":"https:\/\/best-in-brokers.com\/es\/"},{"@type":"ListItem","position":2,"name":"Pol\u00edtica de privacidad"}]},{"@type":"WebSite","@id":"https:\/\/best-in-brokers.com\/#website","url":"https:\/\/best-in-brokers.com\/","name":"Best-in-brokers","description":"Corredur\u00eda de seguros en Torrevieja, ofrecemos seguros al mejor precio garantizado","publisher":{"@id":"https:\/\/best-in-brokers.com\/#organization"},"potentialAction":[{"@type":"SearchAction","target":{"@type":"EntryPoint","urlTemplate":"https:\/\/best-in-brokers.com\/?s={search_term_string}"},"query-input":{"@type":"PropertyValueSpecification","valueRequired":true,"valueName":"search_term_string"}}],"inLanguage":"es"},{"@type":"Organization","@id":"https:\/\/best-in-brokers.com\/#organization","name":"Best-in-brokers","url":"https:\/\/best-in-brokers.com\/","logo":{"@type":"ImageObject","inLanguage":"es","@id":"https:\/\/best-in-brokers.com\/#\/schema\/logo\/image\/","url":"https:\/\/best-in-brokers.com\/wp-content\/uploads\/2025\/09\/5-e1760429981409.png","contentUrl":"https:\/\/best-in-brokers.com\/wp-content\/uploads\/2025\/09\/5-e1760429981409.png","width":500,"height":193,"caption":"Best-in-brokers"},"image":{"@id":"https:\/\/best-in-brokers.com\/#\/schema\/logo\/image\/"}}]}},"_links":{"self":[{"href":"https:\/\/best-in-brokers.com\/es\/wp-json\/wp\/v2\/pages\/344","targetHints":{"allow":["GET"]}}],"collection":[{"href":"https:\/\/best-in-brokers.com\/es\/wp-json\/wp\/v2\/pages"}],"about":[{"href":"https:\/\/best-in-brokers.com\/es\/wp-json\/wp\/v2\/types\/page"}],"author":[{"embeddable":true,"href":"https:\/\/best-in-brokers.com\/es\/wp-json\/wp\/v2\/users\/1"}],"replies":[{"embeddable":true,"href":"https:\/\/best-in-brokers.com\/es\/wp-json\/wp\/v2\/comments?post=344"}],"version-history":[{"count":16,"href":"https:\/\/best-in-brokers.com\/es\/wp-json\/wp\/v2\/pages\/344\/revisions"}],"predecessor-version":[{"id":1264,"href":"https:\/\/best-in-brokers.com\/es\/wp-json\/wp\/v2\/pages\/344\/revisions\/1264"}],"wp:attachment":[{"href":"https:\/\/best-in-brokers.com\/es\/wp-json\/wp\/v2\/media?parent=344"}],"curies":[{"name":"wp","href":"https:\/\/api.w.org\/{rel}","templated":true}]}}