{"id":346,"date":"2025-10-14T10:18:02","date_gmt":"2025-10-14T10:18:02","guid":{"rendered":"https:\/\/best-in-brokers.com\/?page_id=346"},"modified":"2025-12-15T11:48:03","modified_gmt":"2025-12-15T10:48:03","slug":"politica-de-accesibilidad","status":"publish","type":"page","link":"https:\/\/best-in-brokers.com\/es\/politica-de-accesibilidad\/","title":{"rendered":"Pol\u00edtica de accesibilidad"},"content":{"rendered":"\t\t<div data-elementor-type=\"wp-page\" data-elementor-id=\"346\" class=\"elementor elementor-346\" data-elementor-post-type=\"page\">\n\t\t\t\t<div class=\"elementor-element elementor-element-f67dc9f e-flex e-con-boxed e-con e-parent\" data-id=\"f67dc9f\" data-element_type=\"container\" data-settings=\"{&quot;_ha_eqh_enable&quot;:false}\">\n\t\t\t\t\t<div class=\"e-con-inner\">\n\t\t\t\t<div class=\"elementor-element elementor-element-628a76d elementor-widget elementor-widget-heading\" data-id=\"628a76d\" data-element_type=\"widget\" data-widget_type=\"heading.default\">\n\t\t\t\t\t<h2 class=\"elementor-heading-title elementor-size-default\">POL\u00cdTICA DE ACCESIBILIDAD<\/h2>\t\t\t\t<\/div>\n\t\t\t\t<div class=\"elementor-element elementor-element-24d00a8 elementor-widget elementor-widget-text-editor\" data-id=\"24d00a8\" data-element_type=\"widget\" data-widget_type=\"text-editor.default\">\n\t\t\t\t\t\t\t\t\t<p>La empresa Francisco Javier Pastor Mart\u00ednez se ha comprometido a hacer accesible su sitio web de conformidad con el Real Decreto 1112\/2018, de 7 de septiembre, sobre accesibilidad de los sitios web y aplicaciones para dispositivos m\u00f3viles del sector p\u00fablico, o desarrollos financiados desde Europa.<\/p>\n<p>La presente declaraci\u00f3n de accesibilidad se aplica al sitio https:\/\/best-in-brokers.com, excluyendo los contenidos incrustados provenientes de otros dominios.<\/p>\n<p>Situaci\u00f3n de cumplimiento<\/p>\n<p>Este sitio web es PARCIALMENTE CONFORME con el RD 1112\/2018 debido a las excepciones y falta de conformidad que se indican a continuaci\u00f3n:<\/p>\n<p>Contenido no accesible:<\/p>\n<p>Puede haber elementos que no cumplan algunos de los requisitos de accesibilidad debido a que se encuentran en proceso de revisi\u00f3n y adaptaci\u00f3n.<\/p>\n<p>Podr\u00edan existir archivos ofim\u00e1ticos en PDF u otros formatos publicados antes del 20 de septiembre de 2018 que no cumplan completamente los requisitos de accesibilidad.<\/p>\n<p>Tambi\u00e9n puede haber contenidos de terceros que no est\u00e9n desarrollados ni bajo el control de la entidad titular, como documentos ofim\u00e1ticos pertenecientes a otros organismos.<\/p>\n<p>Preparaci\u00f3n de la presente declaraci\u00f3n de accesibilidad<\/p>\n<p>La presente declaraci\u00f3n fue preparada el 12 de diciembre de 2025.<\/p>\n<p>El m\u00e9todo empleado para actualizar la declaraci\u00f3n ha sido una EVALUACI\u00d3N EXTERNA, realizada por la empresa auditora de accesibilidad Proytec Inform\u00e1tica, S.C.<\/p>\n<p>Observaciones y datos de contacto<\/p>\n<p>Puede realizar comunicaciones sobre requisitos de accesibilidad (art\u00edculo 10.2.a del RD 1112\/2018) como, por ejemplo:<\/p>\n<p>Informar sobre cualquier posible incumplimiento por parte de este sitio web.<\/p>\n<p>Transmitir otras dificultades de acceso al contenido.<\/p>\n<p>Formular cualquier otra consulta o sugerencia de mejora relativa a la accesibilidad del sitio web.<\/p>\n<p>Puede hacerlo a trav\u00e9s de:<\/p>\n<p>Tel\u00e9fono: 966 720 048 (de lunes a viernes de 9:00 a 14:00 horas)<\/p>\n<p>Correo electr\u00f3nico: info@proytecinformatica.com<\/p>\n<p>Procedimiento de reclamaci\u00f3n<\/p>\n<p>Si tras realizar una solicitud de informaci\u00f3n accesible o una queja, esta fuera desestimada, no estuviera de acuerdo con la decisi\u00f3n adoptada, o la respuesta no cumpliera los requisitos del art\u00edculo 12.5 del RD 1112\/2018, puede presentar una reclamaci\u00f3n.<\/p>\n<p>La reclamaci\u00f3n puede presentarse a trav\u00e9s de la Sede Electr\u00f3nica de la entidad correspondiente o mediante otra v\u00eda que establezca la normativa aplicable.<\/p>\t\t\t\t\t\t\t\t<\/div>\n\t\t\t\t\t<\/div>\n\t\t\t\t<\/div>\n\t\t\t\t<\/div>\n\t\t","protected":false},"excerpt":{"rendered":"<p>POL\u00cdTICA DE ACCESIBILIDAD La empresa Francisco Javier Pastor Mart\u00ednez se ha comprometido a hacer accesible su sitio web de conformidad con el Real Decreto 1112\/2018, de 7 de septiembre, sobre accesibilidad de los sitios web y aplicaciones para dispositivos m\u00f3viles del sector p\u00fablico, o desarrollos financiados desde Europa. La presente declaraci\u00f3n de accesibilidad se aplica [&hellip;]<\/p>\n","protected":false},"author":1,"featured_media":0,"parent":0,"menu_order":0,"comment_status":"closed","ping_status":"closed","template":"","meta":{"footnotes":""},"class_list":["post-346","page","type-page","status-publish","hentry"],"yoast_head":"<!-- This site is optimized with the Yoast SEO plugin v26.5 - https:\/\/yoast.com\/wordpress\/plugins\/seo\/ -->\n<title>Pol\u00edtica de accesibilidad - Best-in-brokers<\/title>\n<meta name=\"robots\" content=\"index, follow, max-snippet:-1, max-image-preview:large, max-video-preview:-1\" \/>\n<link rel=\"canonical\" href=\"https:\/\/best-in-brokers.com\/es\/politica-de-accesibilidad\/\" \/>\n<meta property=\"og:locale\" content=\"es_ES\" \/>\n<meta property=\"og:type\" content=\"article\" \/>\n<meta property=\"og:title\" content=\"Pol\u00edtica de accesibilidad - Best-in-brokers\" \/>\n<meta property=\"og:description\" content=\"POL\u00cdTICA DE ACCESIBILIDAD La empresa Francisco Javier Pastor Mart\u00ednez se ha comprometido a hacer accesible su sitio web de conformidad con el Real Decreto 1112\/2018, de 7 de septiembre, sobre accesibilidad de los sitios web y aplicaciones para dispositivos m\u00f3viles del sector p\u00fablico, o desarrollos financiados desde Europa. La presente declaraci\u00f3n de accesibilidad se aplica [&hellip;]\" \/>\n<meta property=\"og:url\" content=\"https:\/\/best-in-brokers.com\/es\/politica-de-accesibilidad\/\" \/>\n<meta property=\"og:site_name\" content=\"Best-in-brokers\" \/>\n<meta property=\"article:modified_time\" content=\"2025-12-15T10:48:03+00:00\" \/>\n<meta name=\"twitter:card\" content=\"summary_large_image\" \/>\n<meta name=\"twitter:label1\" content=\"Tiempo de lectura\" \/>\n\t<meta name=\"twitter:data1\" content=\"2 minutos\" \/>\n<script type=\"application\/ld+json\" class=\"yoast-schema-graph\">{\"@context\":\"https:\/\/schema.org\",\"@graph\":[{\"@type\":\"WebPage\",\"@id\":\"https:\/\/best-in-brokers.com\/es\/politica-de-accesibilidad\/\",\"url\":\"https:\/\/best-in-brokers.com\/es\/politica-de-accesibilidad\/\",\"name\":\"Pol\u00edtica de accesibilidad - Best-in-brokers\",\"isPartOf\":{\"@id\":\"https:\/\/best-in-brokers.com\/#website\"},\"datePublished\":\"2025-10-14T10:18:02+00:00\",\"dateModified\":\"2025-12-15T10:48:03+00:00\",\"breadcrumb\":{\"@id\":\"https:\/\/best-in-brokers.com\/es\/politica-de-accesibilidad\/#breadcrumb\"},\"inLanguage\":\"es\",\"potentialAction\":[{\"@type\":\"ReadAction\",\"target\":[\"https:\/\/best-in-brokers.com\/es\/politica-de-accesibilidad\/\"]}]},{\"@type\":\"BreadcrumbList\",\"@id\":\"https:\/\/best-in-brokers.com\/es\/politica-de-accesibilidad\/#breadcrumb\",\"itemListElement\":[{\"@type\":\"ListItem\",\"position\":1,\"name\":\"Portada\",\"item\":\"https:\/\/best-in-brokers.com\/es\/\"},{\"@type\":\"ListItem\",\"position\":2,\"name\":\"Pol\u00edtica de accesibilidad\"}]},{\"@type\":\"WebSite\",\"@id\":\"https:\/\/best-in-brokers.com\/#website\",\"url\":\"https:\/\/best-in-brokers.com\/\",\"name\":\"Best-in-brokers\",\"description\":\"Corredur\u00eda de seguros en Torrevieja, ofrecemos seguros al mejor precio garantizado\",\"publisher\":{\"@id\":\"https:\/\/best-in-brokers.com\/#organization\"},\"potentialAction\":[{\"@type\":\"SearchAction\",\"target\":{\"@type\":\"EntryPoint\",\"urlTemplate\":\"https:\/\/best-in-brokers.com\/?s={search_term_string}\"},\"query-input\":{\"@type\":\"PropertyValueSpecification\",\"valueRequired\":true,\"valueName\":\"search_term_string\"}}],\"inLanguage\":\"es\"},{\"@type\":\"Organization\",\"@id\":\"https:\/\/best-in-brokers.com\/#organization\",\"name\":\"Best-in-brokers\",\"url\":\"https:\/\/best-in-brokers.com\/\",\"logo\":{\"@type\":\"ImageObject\",\"inLanguage\":\"es\",\"@id\":\"https:\/\/best-in-brokers.com\/#\/schema\/logo\/image\/\",\"url\":\"https:\/\/best-in-brokers.com\/wp-content\/uploads\/2025\/09\/5-e1760429981409.png\",\"contentUrl\":\"https:\/\/best-in-brokers.com\/wp-content\/uploads\/2025\/09\/5-e1760429981409.png\",\"width\":500,\"height\":193,\"caption\":\"Best-in-brokers\"},\"image\":{\"@id\":\"https:\/\/best-in-brokers.com\/#\/schema\/logo\/image\/\"}}]}<\/script>\n<!-- \/ Yoast SEO plugin. -->","yoast_head_json":{"title":"Pol\u00edtica de accesibilidad - Best-in-brokers","robots":{"index":"index","follow":"follow","max-snippet":"max-snippet:-1","max-image-preview":"max-image-preview:large","max-video-preview":"max-video-preview:-1"},"canonical":"https:\/\/best-in-brokers.com\/es\/politica-de-accesibilidad\/","og_locale":"es_ES","og_type":"article","og_title":"Pol\u00edtica de accesibilidad - Best-in-brokers","og_description":"POL\u00cdTICA DE ACCESIBILIDAD La empresa Francisco Javier Pastor Mart\u00ednez se ha comprometido a hacer accesible su sitio web de conformidad con el Real Decreto 1112\/2018, de 7 de septiembre, sobre accesibilidad de los sitios web y aplicaciones para dispositivos m\u00f3viles del sector p\u00fablico, o desarrollos financiados desde Europa. La presente declaraci\u00f3n de accesibilidad se aplica [&hellip;]","og_url":"https:\/\/best-in-brokers.com\/es\/politica-de-accesibilidad\/","og_site_name":"Best-in-brokers","article_modified_time":"2025-12-15T10:48:03+00:00","twitter_card":"summary_large_image","twitter_misc":{"Tiempo de lectura":"2 minutos"},"schema":{"@context":"https:\/\/schema.org","@graph":[{"@type":"WebPage","@id":"https:\/\/best-in-brokers.com\/es\/politica-de-accesibilidad\/","url":"https:\/\/best-in-brokers.com\/es\/politica-de-accesibilidad\/","name":"Pol\u00edtica de accesibilidad - Best-in-brokers","isPartOf":{"@id":"https:\/\/best-in-brokers.com\/#website"},"datePublished":"2025-10-14T10:18:02+00:00","dateModified":"2025-12-15T10:48:03+00:00","breadcrumb":{"@id":"https:\/\/best-in-brokers.com\/es\/politica-de-accesibilidad\/#breadcrumb"},"inLanguage":"es","potentialAction":[{"@type":"ReadAction","target":["https:\/\/best-in-brokers.com\/es\/politica-de-accesibilidad\/"]}]},{"@type":"BreadcrumbList","@id":"https:\/\/best-in-brokers.com\/es\/politica-de-accesibilidad\/#breadcrumb","itemListElement":[{"@type":"ListItem","position":1,"name":"Portada","item":"https:\/\/best-in-brokers.com\/es\/"},{"@type":"ListItem","position":2,"name":"Pol\u00edtica de accesibilidad"}]},{"@type":"WebSite","@id":"https:\/\/best-in-brokers.com\/#website","url":"https:\/\/best-in-brokers.com\/","name":"Best-in-brokers","description":"Corredur\u00eda de seguros en Torrevieja, ofrecemos seguros al mejor precio garantizado","publisher":{"@id":"https:\/\/best-in-brokers.com\/#organization"},"potentialAction":[{"@type":"SearchAction","target":{"@type":"EntryPoint","urlTemplate":"https:\/\/best-in-brokers.com\/?s={search_term_string}"},"query-input":{"@type":"PropertyValueSpecification","valueRequired":true,"valueName":"search_term_string"}}],"inLanguage":"es"},{"@type":"Organization","@id":"https:\/\/best-in-brokers.com\/#organization","name":"Best-in-brokers","url":"https:\/\/best-in-brokers.com\/","logo":{"@type":"ImageObject","inLanguage":"es","@id":"https:\/\/best-in-brokers.com\/#\/schema\/logo\/image\/","url":"https:\/\/best-in-brokers.com\/wp-content\/uploads\/2025\/09\/5-e1760429981409.png","contentUrl":"https:\/\/best-in-brokers.com\/wp-content\/uploads\/2025\/09\/5-e1760429981409.png","width":500,"height":193,"caption":"Best-in-brokers"},"image":{"@id":"https:\/\/best-in-brokers.com\/#\/schema\/logo\/image\/"}}]}},"_links":{"self":[{"href":"https:\/\/best-in-brokers.com\/es\/wp-json\/wp\/v2\/pages\/346","targetHints":{"allow":["GET"]}}],"collection":[{"href":"https:\/\/best-in-brokers.com\/es\/wp-json\/wp\/v2\/pages"}],"about":[{"href":"https:\/\/best-in-brokers.com\/es\/wp-json\/wp\/v2\/types\/page"}],"author":[{"embeddable":true,"href":"https:\/\/best-in-brokers.com\/es\/wp-json\/wp\/v2\/users\/1"}],"replies":[{"embeddable":true,"href":"https:\/\/best-in-brokers.com\/es\/wp-json\/wp\/v2\/comments?post=346"}],"version-history":[{"count":20,"href":"https:\/\/best-in-brokers.com\/es\/wp-json\/wp\/v2\/pages\/346\/revisions"}],"predecessor-version":[{"id":1281,"href":"https:\/\/best-in-brokers.com\/es\/wp-json\/wp\/v2\/pages\/346\/revisions\/1281"}],"wp:attachment":[{"href":"https:\/\/best-in-brokers.com\/es\/wp-json\/wp\/v2\/media?parent=346"}],"curies":[{"name":"wp","href":"https:\/\/api.w.org\/{rel}","templated":true}]}}