{"id":348,"date":"2025-10-14T10:18:10","date_gmt":"2025-10-14T10:18:10","guid":{"rendered":"https:\/\/best-in-brokers.com\/?page_id=348"},"modified":"2025-12-15T11:25:18","modified_gmt":"2025-12-15T10:25:18","slug":"aviso-legal","status":"publish","type":"page","link":"https:\/\/best-in-brokers.com\/es\/aviso-legal\/","title":{"rendered":"Aviso legal"},"content":{"rendered":"\t\t<div data-elementor-type=\"wp-page\" data-elementor-id=\"348\" class=\"elementor elementor-348\" data-elementor-post-type=\"page\">\n\t\t\t\t<div class=\"elementor-element elementor-element-d6c564d e-flex e-con-boxed e-con e-parent\" data-id=\"d6c564d\" data-element_type=\"container\" data-settings=\"{&quot;_ha_eqh_enable&quot;:false}\">\n\t\t\t\t\t<div class=\"e-con-inner\">\n\t\t\t\t<div class=\"elementor-element elementor-element-f3adf00 elementor-widget elementor-widget-heading\" data-id=\"f3adf00\" data-element_type=\"widget\" data-widget_type=\"heading.default\">\n\t\t\t\t\t<h2 class=\"elementor-heading-title elementor-size-default\">aviso legal<\/h2>\t\t\t\t<\/div>\n\t\t\t\t<div class=\"elementor-element elementor-element-5b3d88f elementor-widget elementor-widget-text-editor\" data-id=\"5b3d88f\" data-element_type=\"widget\" data-widget_type=\"text-editor.default\">\n\t\t\t\t\t\t\t\t\t<p>El siguiente texto regula la utilizaci\u00f3n del sitio web https:\/\/best-in-brokers.com<br \/>, por parte de los usuarios de Internet.<br \/>Lea atentamente el Aviso Legal cada vez que visite este sitio web, ya que podr\u00e1 ser modificado en cualquier momento.<br \/>En caso de no estar de acuerdo con lo estipulado, por favor no utilice este sitio web.<\/p><p>Titularidad<\/p><p>En cumplimiento de lo previsto en la Ley 34\/2002, de 11 de julio, de Servicios de la Sociedad de la Informaci\u00f3n y de Comercio Electr\u00f3nico, se informa de que el titular del sitio web es:<\/p><p>Titular: Francisco Javier Pastor Mart\u00ednez<\/p><p>NIF: 45567877R<\/p><p>Domicilio fiscal: C. Algarrobo, 2, Local 109, 03189 Orihuela, Alicante<\/p><p>Objeto<\/p><p>A trav\u00e9s de este sitio web se facilita a los usuarios el acceso a diversos contenidos e informaci\u00f3n puestos a disposici\u00f3n por https:\/\/best-in-brokers.com<br \/>o por terceros proveedores de servicios y contenidos.<\/p><p>Francisco Javier Pastor Mart\u00ednez se reserva el derecho de modificar en cualquier momento la presentaci\u00f3n, configuraci\u00f3n y localizaci\u00f3n del sitio web, as\u00ed como los contenidos, productos y servicios en \u00e9l contenidos.<\/p><p>El acceso, navegaci\u00f3n y uso del Sitio Web https:\/\/best-in-brokers.com<br \/>conlleva y supone la aceptaci\u00f3n por el Usuario de las presentes Condiciones Generales.<br \/>Se entender\u00e1 por \u00abUsuario\u00bb toda persona que acceda, navegue, utilice o participe en los servicios y actividades del Sitio Web.<\/p><p>Este Aviso Legal regula el acceso, navegaci\u00f3n y uso del Sitio Web, sin perjuicio de que Francisco Javier Pastor Mart\u00ednez pueda establecer condiciones particulares para la utilizaci\u00f3n de servicios espec\u00edficos ofrecidos a los Usuarios.<\/p><p>Condiciones de acceso<\/p><p>El acceso al sitio web es libre y gratuito, si bien algunos servicios pueden requerir autenticaci\u00f3n mediante usuario y contrase\u00f1a.<\/p><p>Cuando el acceso a determinados contenidos o servicios exija la aportaci\u00f3n de datos personales, el Usuario garantizar\u00e1 la veracidad, exactitud, autenticidad y vigencia de los mismos.<\/p><p>Dichos datos ser\u00e1n tratados conforme a lo dispuesto en nuestra Pol\u00edtica de Privacidad.<\/p><p>Propiedad intelectual \/ Copyright<\/p><p>Francisco Javier Pastor Mart\u00ednez ostenta la titularidad del presente sitio web.<br \/>Todos los derechos de propiedad industrial e intelectual sobre este portal son titularidad exclusiva del propietario del sitio web o de terceros (salvo que se indique lo contrario).<\/p><p>El acceso o uso del sitio web no implica en ning\u00fan caso licencia de uso o cesi\u00f3n de derechos sobre dicho contenido.<\/p><p>El usuario \u00fanicamente podr\u00e1 realizar un uso privado, personal o profesional del contenido del sitio web.<\/p><p>Queda terminantemente prohibido:<\/p><p>Reproducir<\/p><p>Modificar<\/p><p>Distribuir<\/p><p>Comunicar p\u00fablicamente<br \/>cualquier contenido del sitio web sin el consentimiento expreso y por escrito del titular.<\/p><p>Francisco Javier Pastor Mart\u00ednez no asume ninguna responsabilidad por el uso que terceros puedan hacer de los contenidos y se reserva el derecho a ejercer las acciones legales correspondientes ante cualquier infracci\u00f3n.<\/p><p>Es necesario autorizar la instalaci\u00f3n de cookies enviadas por el servidor del Sitio Web.<\/p><p>Cl\u00e1usula de exenci\u00f3n de responsabilidad<\/p><p>Los contenidos del sitio web se elaboran de buena fe para ofrecer informaci\u00f3n actualizada a los usuarios.<br \/>No obstante, no se garantiza la exactitud o actualizaci\u00f3n de dicha informaci\u00f3n y puede ser modificada sin previo aviso.<\/p><p>La empresa no se responsabiliza de:<\/p><p>Errores tipogr\u00e1ficos, num\u00e9ricos o formales que pueda contener la web.<\/p><p>El mal uso del sitio web por parte de los usuarios.<\/p><p>1. Responsabilidad por el funcionamiento del sitio web<\/p><p>Francisco Javier Pastor Mart\u00ednez intentar\u00e1 minimizar los errores t\u00e9cnicos y podr\u00e1 suspender temporalmente los servicios para realizar mantenimiento sin obligaci\u00f3n de indemnizar al usuario.<\/p><p>No se garantiza que el servicio no quede interrumpido por errores en archivos o formatos no exentos de fallos.<\/p><p>Tampoco se asume responsabilidad por da\u00f1os derivados:<\/p><p>De la consulta del sitio web<\/p><p>De sitios externos enlazados<\/p><p>De interrupciones por causas de fuerza mayor, fallos t\u00e9cnicos o circunstancias ajenas al control del titular<\/p><p>2. Responsabilidad por el uso de enlaces<\/p><p>Este sitio web puede contener enlaces a otros contenidos externos o perfiles en redes sociales.<\/p><p>El titular no se responsabiliza de:<\/p><p>La legalidad de los sitios externos<\/p><p>La exactitud o calidad de sus contenidos<\/p><p>Da\u00f1os derivados del acceso a dichos enlaces<\/p><p>Si se detecta que un enlace dirige a un contenido il\u00edcito o que vulnera derechos, ser\u00e1 eliminado inmediatamente.<\/p><p>Los enlaces tienen car\u00e1cter informativo y no constituyen recomendaci\u00f3n, invitaci\u00f3n o respaldo de los productos o servicios ofrecidos por terceros.<\/p>\t\t\t\t\t\t\t\t<\/div>\n\t\t\t\t\t<\/div>\n\t\t\t\t<\/div>\n\t\t\t\t<\/div>\n\t\t","protected":false},"excerpt":{"rendered":"<p>aviso legal El siguiente texto regula la utilizaci\u00f3n del sitio web https:\/\/best-in-brokers.com, por parte de los usuarios de Internet.Lea atentamente el Aviso Legal cada vez que visite este sitio web, ya que podr\u00e1 ser modificado en cualquier momento.En caso de no estar de acuerdo con lo estipulado, por favor no utilice este sitio web. Titularidad [&hellip;]<\/p>\n","protected":false},"author":1,"featured_media":0,"parent":0,"menu_order":0,"comment_status":"closed","ping_status":"closed","template":"","meta":{"footnotes":""},"class_list":["post-348","page","type-page","status-publish","hentry"],"yoast_head":"<!-- This site is optimized with the Yoast SEO plugin v26.5 - https:\/\/yoast.com\/wordpress\/plugins\/seo\/ -->\n<title>Aviso legal - Best-in-brokers<\/title>\n<meta name=\"robots\" content=\"index, follow, max-snippet:-1, max-image-preview:large, max-video-preview:-1\" \/>\n<link rel=\"canonical\" href=\"https:\/\/best-in-brokers.com\/legal-notice\/\" \/>\n<meta property=\"og:locale\" content=\"es_ES\" \/>\n<meta property=\"og:type\" content=\"article\" \/>\n<meta property=\"og:title\" content=\"Aviso legal - Best-in-brokers\" \/>\n<meta property=\"og:description\" content=\"aviso legal El siguiente texto regula la utilizaci\u00f3n del sitio web https:\/\/best-in-brokers.com, por parte de los usuarios de Internet.Lea atentamente el Aviso Legal cada vez que visite este sitio web, ya que podr\u00e1 ser modificado en cualquier momento.En caso de no estar de acuerdo con lo estipulado, por favor no utilice este sitio web. Titularidad [&hellip;]\" \/>\n<meta property=\"og:url\" content=\"https:\/\/best-in-brokers.com\/legal-notice\/\" \/>\n<meta property=\"og:site_name\" content=\"Best-in-brokers\" \/>\n<meta property=\"article:modified_time\" content=\"2025-12-15T10:25:18+00:00\" \/>\n<meta name=\"twitter:card\" content=\"summary_large_image\" \/>\n<meta name=\"twitter:label1\" content=\"Tiempo de lectura\" \/>\n\t<meta name=\"twitter:data1\" content=\"4 minutos\" \/>\n<script type=\"application\/ld+json\" class=\"yoast-schema-graph\">{\"@context\":\"https:\/\/schema.org\",\"@graph\":[{\"@type\":\"WebPage\",\"@id\":\"https:\/\/best-in-brokers.com\/legal-notice\/\",\"url\":\"https:\/\/best-in-brokers.com\/legal-notice\/\",\"name\":\"Aviso legal - Best-in-brokers\",\"isPartOf\":{\"@id\":\"https:\/\/best-in-brokers.com\/#website\"},\"datePublished\":\"2025-10-14T10:18:10+00:00\",\"dateModified\":\"2025-12-15T10:25:18+00:00\",\"breadcrumb\":{\"@id\":\"https:\/\/best-in-brokers.com\/legal-notice\/#breadcrumb\"},\"inLanguage\":\"es\",\"potentialAction\":[{\"@type\":\"ReadAction\",\"target\":[\"https:\/\/best-in-brokers.com\/legal-notice\/\"]}]},{\"@type\":\"BreadcrumbList\",\"@id\":\"https:\/\/best-in-brokers.com\/legal-notice\/#breadcrumb\",\"itemListElement\":[{\"@type\":\"ListItem\",\"position\":1,\"name\":\"Portada\",\"item\":\"https:\/\/best-in-brokers.com\/es\/\"},{\"@type\":\"ListItem\",\"position\":2,\"name\":\"Aviso legal\"}]},{\"@type\":\"WebSite\",\"@id\":\"https:\/\/best-in-brokers.com\/#website\",\"url\":\"https:\/\/best-in-brokers.com\/\",\"name\":\"Best-in-brokers\",\"description\":\"Corredur\u00eda de seguros en Torrevieja, ofrecemos seguros al mejor precio garantizado\",\"publisher\":{\"@id\":\"https:\/\/best-in-brokers.com\/#organization\"},\"potentialAction\":[{\"@type\":\"SearchAction\",\"target\":{\"@type\":\"EntryPoint\",\"urlTemplate\":\"https:\/\/best-in-brokers.com\/?s={search_term_string}\"},\"query-input\":{\"@type\":\"PropertyValueSpecification\",\"valueRequired\":true,\"valueName\":\"search_term_string\"}}],\"inLanguage\":\"es\"},{\"@type\":\"Organization\",\"@id\":\"https:\/\/best-in-brokers.com\/#organization\",\"name\":\"Best-in-brokers\",\"url\":\"https:\/\/best-in-brokers.com\/\",\"logo\":{\"@type\":\"ImageObject\",\"inLanguage\":\"es\",\"@id\":\"https:\/\/best-in-brokers.com\/#\/schema\/logo\/image\/\",\"url\":\"https:\/\/best-in-brokers.com\/wp-content\/uploads\/2025\/09\/5-e1760429981409.png\",\"contentUrl\":\"https:\/\/best-in-brokers.com\/wp-content\/uploads\/2025\/09\/5-e1760429981409.png\",\"width\":500,\"height\":193,\"caption\":\"Best-in-brokers\"},\"image\":{\"@id\":\"https:\/\/best-in-brokers.com\/#\/schema\/logo\/image\/\"}}]}<\/script>\n<!-- \/ Yoast SEO plugin. -->","yoast_head_json":{"title":"Aviso legal - Best-in-brokers","robots":{"index":"index","follow":"follow","max-snippet":"max-snippet:-1","max-image-preview":"max-image-preview:large","max-video-preview":"max-video-preview:-1"},"canonical":"https:\/\/best-in-brokers.com\/legal-notice\/","og_locale":"es_ES","og_type":"article","og_title":"Aviso legal - Best-in-brokers","og_description":"aviso legal El siguiente texto regula la utilizaci\u00f3n del sitio web https:\/\/best-in-brokers.com, por parte de los usuarios de Internet.Lea atentamente el Aviso Legal cada vez que visite este sitio web, ya que podr\u00e1 ser modificado en cualquier momento.En caso de no estar de acuerdo con lo estipulado, por favor no utilice este sitio web. Titularidad [&hellip;]","og_url":"https:\/\/best-in-brokers.com\/legal-notice\/","og_site_name":"Best-in-brokers","article_modified_time":"2025-12-15T10:25:18+00:00","twitter_card":"summary_large_image","twitter_misc":{"Tiempo de lectura":"4 minutos"},"schema":{"@context":"https:\/\/schema.org","@graph":[{"@type":"WebPage","@id":"https:\/\/best-in-brokers.com\/legal-notice\/","url":"https:\/\/best-in-brokers.com\/legal-notice\/","name":"Aviso legal - Best-in-brokers","isPartOf":{"@id":"https:\/\/best-in-brokers.com\/#website"},"datePublished":"2025-10-14T10:18:10+00:00","dateModified":"2025-12-15T10:25:18+00:00","breadcrumb":{"@id":"https:\/\/best-in-brokers.com\/legal-notice\/#breadcrumb"},"inLanguage":"es","potentialAction":[{"@type":"ReadAction","target":["https:\/\/best-in-brokers.com\/legal-notice\/"]}]},{"@type":"BreadcrumbList","@id":"https:\/\/best-in-brokers.com\/legal-notice\/#breadcrumb","itemListElement":[{"@type":"ListItem","position":1,"name":"Portada","item":"https:\/\/best-in-brokers.com\/es\/"},{"@type":"ListItem","position":2,"name":"Aviso legal"}]},{"@type":"WebSite","@id":"https:\/\/best-in-brokers.com\/#website","url":"https:\/\/best-in-brokers.com\/","name":"Best-in-brokers","description":"Corredur\u00eda de seguros en Torrevieja, ofrecemos seguros al mejor precio garantizado","publisher":{"@id":"https:\/\/best-in-brokers.com\/#organization"},"potentialAction":[{"@type":"SearchAction","target":{"@type":"EntryPoint","urlTemplate":"https:\/\/best-in-brokers.com\/?s={search_term_string}"},"query-input":{"@type":"PropertyValueSpecification","valueRequired":true,"valueName":"search_term_string"}}],"inLanguage":"es"},{"@type":"Organization","@id":"https:\/\/best-in-brokers.com\/#organization","name":"Best-in-brokers","url":"https:\/\/best-in-brokers.com\/","logo":{"@type":"ImageObject","inLanguage":"es","@id":"https:\/\/best-in-brokers.com\/#\/schema\/logo\/image\/","url":"https:\/\/best-in-brokers.com\/wp-content\/uploads\/2025\/09\/5-e1760429981409.png","contentUrl":"https:\/\/best-in-brokers.com\/wp-content\/uploads\/2025\/09\/5-e1760429981409.png","width":500,"height":193,"caption":"Best-in-brokers"},"image":{"@id":"https:\/\/best-in-brokers.com\/#\/schema\/logo\/image\/"}}]}},"_links":{"self":[{"href":"https:\/\/best-in-brokers.com\/es\/wp-json\/wp\/v2\/pages\/348","targetHints":{"allow":["GET"]}}],"collection":[{"href":"https:\/\/best-in-brokers.com\/es\/wp-json\/wp\/v2\/pages"}],"about":[{"href":"https:\/\/best-in-brokers.com\/es\/wp-json\/wp\/v2\/types\/page"}],"author":[{"embeddable":true,"href":"https:\/\/best-in-brokers.com\/es\/wp-json\/wp\/v2\/users\/1"}],"replies":[{"embeddable":true,"href":"https:\/\/best-in-brokers.com\/es\/wp-json\/wp\/v2\/comments?post=348"}],"version-history":[{"count":20,"href":"https:\/\/best-in-brokers.com\/es\/wp-json\/wp\/v2\/pages\/348\/revisions"}],"predecessor-version":[{"id":1267,"href":"https:\/\/best-in-brokers.com\/es\/wp-json\/wp\/v2\/pages\/348\/revisions\/1267"}],"wp:attachment":[{"href":"https:\/\/best-in-brokers.com\/es\/wp-json\/wp\/v2\/media?parent=348"}],"curies":[{"name":"wp","href":"https:\/\/api.w.org\/{rel}","templated":true}]}}